{"id":9,"date":"2025-02-06T14:34:57","date_gmt":"2025-02-06T13:34:57","guid":{"rendered":"https:\/\/dev2.alghost.com\/SmartTechSolution\/?page_id=9"},"modified":"2025-03-17T13:15:33","modified_gmt":"2025-03-17T12:15:33","slug":"accueil","status":"publish","type":"page","link":"https:\/\/dev2.alghost.com\/SmartTechSolution\/","title":{"rendered":"Accueil"},"content":{"rendered":"\t\t<div data-elementor-type=\"wp-page\" data-elementor-id=\"9\" class=\"elementor elementor-9\">\n\t\t\t\t<div class=\"elementor-element elementor-element-7702e3f e-flex e-con-boxed e-con e-parent\" data-id=\"7702e3f\" data-element_type=\"container\">\n\t\t\t\t\t<div class=\"e-con-inner\">\n\t\t\t\t\t<\/div>\n\t\t\t\t<\/div>\n\t\t<div class=\"elementor-element elementor-element-5f08bc1 e-flex e-con-boxed e-con e-parent\" data-id=\"5f08bc1\" data-element_type=\"container\" id=\"apropos\">\n\t\t\t\t\t<div class=\"e-con-inner\">\n\t\t<div class=\"elementor-element elementor-element-beedc44 e-con-full e-flex e-con e-child\" data-id=\"beedc44\" data-element_type=\"container\">\n\t\t\t\t<div class=\"elementor-element elementor-element-ee3e14e elementor-widget elementor-widget-heading\" data-id=\"ee3e14e\" data-element_type=\"widget\" data-widget_type=\"heading.default\">\n\t\t\t\t<div class=\"elementor-widget-container\">\n\t\t\t\t\t<h2 class=\"elementor-heading-title elementor-size-default\">\u00c0 PROPOS DE NOUS<\/h2>\t\t\t\t<\/div>\n\t\t\t\t<\/div>\n\t\t\t\t<div class=\"elementor-element elementor-element-457707a elementor-widget elementor-widget-text-editor\" data-id=\"457707a\" data-element_type=\"widget\" data-widget_type=\"text-editor.default\">\n\t\t\t\t<div class=\"elementor-widget-container\">\n\t\t\t\t\t\t\t\t\t<p>Bas\u00e9e en Belgique, STS est sp\u00e9cialis\u00e9e dans la fourniture d\u2019\u00e9quipements scientifiques de pointe pour les laboratoires et les industries.\u00a0<\/p><p>Nous accompagnons nos clients avec des solutions adapt\u00e9es \u00e0 leurs besoins en analyse, recherche et contr\u00f4le qualit\u00e9.<\/p>\t\t\t\t\t\t\t\t<\/div>\n\t\t\t\t<\/div>\n\t\t\t\t<\/div>\n\t\t<div class=\"elementor-element elementor-element-763388a e-con-full e-flex e-con e-child\" data-id=\"763388a\" data-element_type=\"container\">\n\t\t<div class=\"elementor-element elementor-element-8469086 e-con-full e-flex e-con e-child\" data-id=\"8469086\" data-element_type=\"container\" data-settings=\"{&quot;background_background&quot;:&quot;classic&quot;}\">\n\t\t\t\t<div class=\"elementor-element elementor-element-5c9140d elementor-widget__width-initial elementor-widget-mobile__width-initial elementor-widget elementor-widget-image\" data-id=\"5c9140d\" data-element_type=\"widget\" data-widget_type=\"image.default\">\n\t\t\t\t<div class=\"elementor-widget-container\">\n\t\t\t\t\t\t\t\t\t\t\t\t\t\t\t<img fetchpriority=\"high\" decoding=\"async\" width=\"640\" height=\"320\" src=\"https:\/\/dev2.alghost.com\/SmartTechSolution\/wp-content\/uploads\/2025\/02\/BANNIER-1024x512.png\" class=\"attachment-large size-large wp-image-71\" alt=\"\" srcset=\"https:\/\/dev2.alghost.com\/SmartTechSolution\/wp-content\/uploads\/2025\/02\/BANNIER-1024x512.png 1024w, https:\/\/dev2.alghost.com\/SmartTechSolution\/wp-content\/uploads\/2025\/02\/BANNIER-300x150.png 300w, https:\/\/dev2.alghost.com\/SmartTechSolution\/wp-content\/uploads\/2025\/02\/BANNIER-768x384.png 768w, https:\/\/dev2.alghost.com\/SmartTechSolution\/wp-content\/uploads\/2025\/02\/BANNIER-1536x768.png 1536w, https:\/\/dev2.alghost.com\/SmartTechSolution\/wp-content\/uploads\/2025\/02\/BANNIER.png 1600w\" sizes=\"(max-width: 640px) 100vw, 640px\" \/>\t\t\t\t\t\t\t\t\t\t\t\t\t\t\t<\/div>\n\t\t\t\t<\/div>\n\t\t\t\t<\/div>\n\t\t\t\t<\/div>\n\t\t\t\t\t<\/div>\n\t\t\t\t<\/div>\n\t\t<div class=\"elementor-element elementor-element-8614608 e-grid e-con-boxed e-con e-parent\" data-id=\"8614608\" data-element_type=\"container\" id=\"services\" data-settings=\"{&quot;background_background&quot;:&quot;classic&quot;}\">\n\t\t\t\t\t<div class=\"e-con-inner\">\n\t\t<div class=\"elementor-element elementor-element-c2b8189 e-con-full e-flex e-con e-child\" data-id=\"c2b8189\" data-element_type=\"container\">\n\t\t\t\t<div class=\"elementor-element elementor-element-298fdfd elementor-widget elementor-widget-heading\" data-id=\"298fdfd\" data-element_type=\"widget\" data-widget_type=\"heading.default\">\n\t\t\t\t<div class=\"elementor-widget-container\">\n\t\t\t\t\t<h2 class=\"elementor-heading-title elementor-size-default\">Nos Services<\/h2>\t\t\t\t<\/div>\n\t\t\t\t<\/div>\n\t\t\t\t<div class=\"elementor-element elementor-element-7ce8340 elementor-widget elementor-widget-text-editor\" data-id=\"7ce8340\" data-element_type=\"widget\" data-widget_type=\"text-editor.default\">\n\t\t\t\t<div class=\"elementor-widget-container\">\n\t\t\t\t\t\t\t\t\t<p>STS vous propose des solutions compl\u00e8tes pour vos \u00e9quipements de laboratoire, de la fourniture \u00e0 la maintenance.\u00a0<\/p><p>Profitez de notre expertise pour des performances optimales.<\/p>\t\t\t\t\t\t\t\t<\/div>\n\t\t\t\t<\/div>\n\t\t\t\t<div class=\"elementor-element elementor-element-683481f elementor-widget elementor-widget-button\" data-id=\"683481f\" data-element_type=\"widget\" data-widget_type=\"button.default\">\n\t\t\t\t<div class=\"elementor-widget-container\">\n\t\t\t\t\t\t\t\t\t<div class=\"elementor-button-wrapper\">\n\t\t\t\t\t<a class=\"elementor-button elementor-button-link elementor-size-sm\" href=\"#\">\n\t\t\t\t\t\t<span class=\"elementor-button-content-wrapper\">\n\t\t\t\t\t\t\t\t\t<span class=\"elementor-button-text\">En savoir plus<\/span>\n\t\t\t\t\t<\/span>\n\t\t\t\t\t<\/a>\n\t\t\t\t<\/div>\n\t\t\t\t\t\t\t\t<\/div>\n\t\t\t\t<\/div>\n\t\t\t\t<\/div>\n\t\t\t\t<div class=\"elementor-element elementor-element-cfa525b eael-infobox-content-align--left eael-infobox-shape-square eael-infobox-hover-img-shape-square elementor-widget elementor-widget-eael-info-box\" data-id=\"cfa525b\" data-element_type=\"widget\" data-widget_type=\"eael-info-box.default\">\n\t\t\t\t<div class=\"elementor-widget-container\">\n\t\t\t\t\t        <div class=\"eael-infobox\">\n\t            <div class=\"infobox-icon\">\n\n                            <img decoding=\"async\" src=\"https:\/\/dev2.alghost.com\/SmartTechSolution\/wp-content\/uploads\/2025\/02\/sts-ICON-01.png\" alt=\"\">\n            \n            \n            \n        <\/div>\n            <div class=\"infobox-content\">\n            <h3 class=\"title\">Formation et Accompagnement<\/h3><div><p>Nous offrons des formations adapt\u00e9es pour une prise en main optimale des \u00e9quipements, avec support technique et perfectionnement.<\/p><\/div>        <\/div>\n            <\/div>\n\n\t\t\t\t\t\t<\/div>\n\t\t\t\t<\/div>\n\t\t\t\t<div class=\"elementor-element elementor-element-b0f4a63 eael-infobox-content-align--left eael-infobox-shape-square eael-infobox-hover-img-shape-square elementor-widget elementor-widget-eael-info-box\" data-id=\"b0f4a63\" data-element_type=\"widget\" data-widget_type=\"eael-info-box.default\">\n\t\t\t\t<div class=\"elementor-widget-container\">\n\t\t\t\t\t        <div class=\"eael-infobox\">\n\t            <div class=\"infobox-icon\">\n\n                            <img decoding=\"async\" src=\"https:\/\/dev2.alghost.com\/SmartTechSolution\/wp-content\/uploads\/2025\/02\/sts-ICON-02.png\" alt=\"\">\n            \n            \n            \n        <\/div>\n            <div class=\"infobox-content\">\n            <h3 class=\"title\">Installation et Mise en Service<\/h3><div><p>Nos techniciens assurent l\u2019installation, la configuration et les tests pour une mise en service rapide et efficace.<\/p><\/div>        <\/div>\n            <\/div>\n\n\t\t\t\t\t\t<\/div>\n\t\t\t\t<\/div>\n\t\t\t\t<div class=\"elementor-element elementor-element-9068caa eael-infobox-content-align--left eael-infobox-shape-square eael-infobox-hover-img-shape-square elementor-widget elementor-widget-eael-info-box\" data-id=\"9068caa\" data-element_type=\"widget\" data-widget_type=\"eael-info-box.default\">\n\t\t\t\t<div class=\"elementor-widget-container\">\n\t\t\t\t\t        <div class=\"eael-infobox\">\n\t            <div class=\"infobox-icon\">\n\n                            <img decoding=\"async\" src=\"https:\/\/dev2.alghost.com\/SmartTechSolution\/wp-content\/uploads\/2025\/02\/sts-ICON-04.png\" alt=\"\">\n            \n            \n            \n        <\/div>\n            <div class=\"infobox-content\">\n            <h3 class=\"title\">Fourniture d'\u00c9quipements<\/h3><div><p>STS propose des instruments scientifiques de haute pr\u00e9cision pour laboratoires et industries, incluant spectrom\u00e8tres, g\u00e9n\u00e9rateurs de gaz et mat\u00e9riel de laboratoire.<\/p><\/div>        <\/div>\n            <\/div>\n\n\t\t\t\t\t\t<\/div>\n\t\t\t\t<\/div>\n\t\t\t\t<div class=\"elementor-element elementor-element-050aa94 eael-infobox-content-align--left eael-infobox-shape-square eael-infobox-hover-img-shape-square elementor-widget elementor-widget-eael-info-box\" data-id=\"050aa94\" data-element_type=\"widget\" data-widget_type=\"eael-info-box.default\">\n\t\t\t\t<div class=\"elementor-widget-container\">\n\t\t\t\t\t        <div class=\"eael-infobox\">\n\t            <div class=\"infobox-icon\">\n\n                            <img decoding=\"async\" src=\"https:\/\/dev2.alghost.com\/SmartTechSolution\/wp-content\/uploads\/2025\/02\/sts-ICON-05.png\" alt=\"\">\n            \n            \n            \n        <\/div>\n            <div class=\"infobox-content\">\n            <h3 class=\"title\">Maintenance et Support<\/h3><div><p>STS assure la maintenance pr\u00e9ventive et corrective, ainsi que des r\u00e9parations rapides pour garantir la continuit\u00e9 de vos analyses.<\/p><\/div>        <\/div>\n            <\/div>\n\n\t\t\t\t\t\t<\/div>\n\t\t\t\t<\/div>\n\t\t\t\t<div class=\"elementor-element elementor-element-c5cdf31 eael-infobox-content-align--left eael-infobox-shape-square eael-infobox-hover-img-shape-square elementor-widget elementor-widget-eael-info-box\" data-id=\"c5cdf31\" data-element_type=\"widget\" data-widget_type=\"eael-info-box.default\">\n\t\t\t\t<div class=\"elementor-widget-container\">\n\t\t\t\t\t        <div class=\"eael-infobox\">\n\t            <div class=\"infobox-icon\">\n\n                            <img decoding=\"async\" src=\"https:\/\/dev2.alghost.com\/SmartTechSolution\/wp-content\/uploads\/2025\/02\/sts-ICON-03.png\" alt=\"\">\n            \n            \n            \n        <\/div>\n            <div class=\"infobox-content\">\n            <h3 class=\"title\">Conseil et Solutions<\/h3><div><p>Nous vous aidons \u00e0 choisir les \u00e9quipements adapt\u00e9s et proposons des solutions sur mesure pour optimiser votre laboratoire.<\/p><\/div>        <\/div>\n            <\/div>\n\n\t\t\t\t\t\t<\/div>\n\t\t\t\t<\/div>\n\t\t\t\t\t<\/div>\n\t\t\t\t<\/div>\n\t\t<div class=\"elementor-element elementor-element-60e9a0e e-flex e-con-boxed e-con e-parent\" data-id=\"60e9a0e\" data-element_type=\"container\" id=\"choisir-sts\">\n\t\t\t\t\t<div class=\"e-con-inner\">\n\t\t\t\t<div class=\"elementor-element elementor-element-8ea7709 elementor-widget elementor-widget-heading\" data-id=\"8ea7709\" data-element_type=\"widget\" data-widget_type=\"heading.default\">\n\t\t\t\t<div class=\"elementor-widget-container\">\n\t\t\t\t\t<h2 class=\"elementor-heading-title elementor-size-default\">NOS PRODUITS<\/h2>\t\t\t\t<\/div>\n\t\t\t\t<\/div>\n\t\t\t\t<div class=\"elementor-element elementor-element-ace8196 elementor-widget elementor-widget-text-editor\" data-id=\"ace8196\" data-element_type=\"widget\" data-widget_type=\"text-editor.default\">\n\t\t\t\t<div class=\"elementor-widget-container\">\n\t\t\t\t\t\t\t\t\t<p>D\u00e9couvrez nos instruments Rigaku, offrant des solutions performantes pour vos analyses et contr\u00f4les de qualit\u00e9, adapt\u00e9s \u00e0 vos besoins sp\u00e9cifiques.<\/p>\t\t\t\t\t\t\t\t<\/div>\n\t\t\t\t<\/div>\n\t\t\t\t<div class=\"elementor-element elementor-element-fd880da elementor-widget-divider--view-line elementor-widget elementor-widget-divider\" data-id=\"fd880da\" data-element_type=\"widget\" data-widget_type=\"divider.default\">\n\t\t\t\t<div class=\"elementor-widget-container\">\n\t\t\t\t\t\t\t<div class=\"elementor-divider\">\n\t\t\t<span class=\"elementor-divider-separator\">\n\t\t\t\t\t\t<\/span>\n\t\t<\/div>\n\t\t\t\t\t\t<\/div>\n\t\t\t\t<\/div>\n\t\t<div class=\"elementor-element elementor-element-a673d67 e-con-full e-flex e-con e-child\" data-id=\"a673d67\" data-element_type=\"container\">\n\t\t\t\t<div class=\"elementor-element elementor-element-ed29668 elementor-widget__width-initial elementor-widget-mobile__width-inherit elementor-widget elementor-widget-image\" data-id=\"ed29668\" data-element_type=\"widget\" data-widget_type=\"image.default\">\n\t\t\t\t<div class=\"elementor-widget-container\">\n\t\t\t\t\t\t\t\t\t\t\t\t\t\t\t<img decoding=\"async\" width=\"640\" height=\"488\" src=\"https:\/\/dev2.alghost.com\/SmartTechSolution\/wp-content\/uploads\/2025\/02\/NEX-QC-SERIES.png\" class=\"attachment-large size-large wp-image-104\" alt=\"\" srcset=\"https:\/\/dev2.alghost.com\/SmartTechSolution\/wp-content\/uploads\/2025\/02\/NEX-QC-SERIES.png 800w, https:\/\/dev2.alghost.com\/SmartTechSolution\/wp-content\/uploads\/2025\/02\/NEX-QC-SERIES-300x229.png 300w, https:\/\/dev2.alghost.com\/SmartTechSolution\/wp-content\/uploads\/2025\/02\/NEX-QC-SERIES-768x586.png 768w\" sizes=\"(max-width: 640px) 100vw, 640px\" \/>\t\t\t\t\t\t\t\t\t\t\t\t\t\t\t<\/div>\n\t\t\t\t<\/div>\n\t\t<div class=\"elementor-element elementor-element-bef7295 e-con-full e-flex e-con e-child\" data-id=\"bef7295\" data-element_type=\"container\">\n\t\t\t\t<div class=\"elementor-element elementor-element-6567d03 elementor-widget elementor-widget-heading\" data-id=\"6567d03\" data-element_type=\"widget\" data-widget_type=\"heading.default\">\n\t\t\t\t<div class=\"elementor-widget-container\">\n\t\t\t\t\t<h3 class=\"elementor-heading-title elementor-size-default\">NEX QC SERIES\n<\/h3>\t\t\t\t<\/div>\n\t\t\t\t<\/div>\n\t\t\t\t<div class=\"elementor-element elementor-element-5de8b39 elementor-widget elementor-widget-text-editor\" data-id=\"5de8b39\" data-element_type=\"widget\" data-widget_type=\"text-editor.default\">\n\t\t\t\t<div class=\"elementor-widget-container\">\n\t\t\t\t\t\t\t\t\t<p>Spectrom\u00e8tres EDXRF de table, compacts et simples d\u2019utilisation, offrant une analyse \u00e9l\u00e9mentaire rapide et pr\u00e9cise pour divers \u00e9chantillons (solides, liquides, poudres, films minces). Id\u00e9al pour les laboratoires et environnements exigeants.<\/p>\t\t\t\t\t\t\t\t<\/div>\n\t\t\t\t<\/div>\n\t\t\t\t<div class=\"elementor-element elementor-element-1297a8e elementor-align-right elementor-widget elementor-widget-button\" data-id=\"1297a8e\" data-element_type=\"widget\" data-widget_type=\"button.default\">\n\t\t\t\t<div class=\"elementor-widget-container\">\n\t\t\t\t\t\t\t\t\t<div class=\"elementor-button-wrapper\">\n\t\t\t\t\t<a class=\"elementor-button elementor-button-link elementor-size-sm\" href=\"#\">\n\t\t\t\t\t\t<span class=\"elementor-button-content-wrapper\">\n\t\t\t\t\t\t\t\t\t<span class=\"elementor-button-text\">En savoir plus<\/span>\n\t\t\t\t\t<\/span>\n\t\t\t\t\t<\/a>\n\t\t\t\t<\/div>\n\t\t\t\t\t\t\t\t<\/div>\n\t\t\t\t<\/div>\n\t\t\t\t<\/div>\n\t\t\t\t<\/div>\n\t\t\t\t<div class=\"elementor-element elementor-element-45a04b6 elementor-widget-divider--view-line elementor-widget elementor-widget-divider\" data-id=\"45a04b6\" data-element_type=\"widget\" data-widget_type=\"divider.default\">\n\t\t\t\t<div class=\"elementor-widget-container\">\n\t\t\t\t\t\t\t<div class=\"elementor-divider\">\n\t\t\t<span class=\"elementor-divider-separator\">\n\t\t\t\t\t\t<\/span>\n\t\t<\/div>\n\t\t\t\t\t\t<\/div>\n\t\t\t\t<\/div>\n\t\t<div class=\"elementor-element elementor-element-fef4c82 e-con-full e-flex e-con e-child\" data-id=\"fef4c82\" data-element_type=\"container\">\n\t\t<div class=\"elementor-element elementor-element-3d051bf e-con-full e-flex e-con e-child\" data-id=\"3d051bf\" data-element_type=\"container\">\n\t\t\t\t<div class=\"elementor-element elementor-element-caef8d9 elementor-widget elementor-widget-heading\" data-id=\"caef8d9\" data-element_type=\"widget\" data-widget_type=\"heading.default\">\n\t\t\t\t<div class=\"elementor-widget-container\">\n\t\t\t\t\t<h3 class=\"elementor-heading-title elementor-size-default\">NEX CG II SERIES\n<\/h3>\t\t\t\t<\/div>\n\t\t\t\t<\/div>\n\t\t\t\t<div class=\"elementor-element elementor-element-262d13a elementor-widget elementor-widget-text-editor\" data-id=\"262d13a\" data-element_type=\"widget\" data-widget_type=\"text-editor.default\">\n\t\t\t\t<div class=\"elementor-widget-container\">\n\t\t\t\t\t\t\t\t\t<p>Spectrom\u00e8tres EDXRF \u00e0 excitation directe, garantissant des performances analytiques \u00e9lev\u00e9es gr\u00e2ce \u00e0 un tube radiographique puissant. Con\u00e7us pour le contr\u00f4le qualit\u00e9 et les analyses complexes, ils assurent pr\u00e9cision et fiabilit\u00e9.<\/p>\t\t\t\t\t\t\t\t<\/div>\n\t\t\t\t<\/div>\n\t\t\t\t<div class=\"elementor-element elementor-element-fae7c62 elementor-align-right elementor-widget elementor-widget-button\" data-id=\"fae7c62\" data-element_type=\"widget\" data-widget_type=\"button.default\">\n\t\t\t\t<div class=\"elementor-widget-container\">\n\t\t\t\t\t\t\t\t\t<div class=\"elementor-button-wrapper\">\n\t\t\t\t\t<a class=\"elementor-button elementor-button-link elementor-size-sm\" href=\"#\">\n\t\t\t\t\t\t<span class=\"elementor-button-content-wrapper\">\n\t\t\t\t\t\t\t\t\t<span class=\"elementor-button-text\">En savoir plus<\/span>\n\t\t\t\t\t<\/span>\n\t\t\t\t\t<\/a>\n\t\t\t\t<\/div>\n\t\t\t\t\t\t\t\t<\/div>\n\t\t\t\t<\/div>\n\t\t\t\t<\/div>\n\t\t\t\t<div class=\"elementor-element elementor-element-3cd5f3c elementor-widget__width-initial elementor-widget-mobile__width-inherit elementor-widget elementor-widget-image\" data-id=\"3cd5f3c\" data-element_type=\"widget\" data-widget_type=\"image.default\">\n\t\t\t\t<div class=\"elementor-widget-container\">\n\t\t\t\t\t\t\t\t\t\t\t\t\t\t\t<img decoding=\"async\" width=\"640\" height=\"488\" src=\"https:\/\/dev2.alghost.com\/SmartTechSolution\/wp-content\/uploads\/2025\/02\/NEX-CG-II-SERIES.png\" class=\"attachment-large size-large wp-image-105\" alt=\"\" srcset=\"https:\/\/dev2.alghost.com\/SmartTechSolution\/wp-content\/uploads\/2025\/02\/NEX-CG-II-SERIES.png 800w, https:\/\/dev2.alghost.com\/SmartTechSolution\/wp-content\/uploads\/2025\/02\/NEX-CG-II-SERIES-300x229.png 300w, https:\/\/dev2.alghost.com\/SmartTechSolution\/wp-content\/uploads\/2025\/02\/NEX-CG-II-SERIES-768x586.png 768w\" sizes=\"(max-width: 640px) 100vw, 640px\" \/>\t\t\t\t\t\t\t\t\t\t\t\t\t\t\t<\/div>\n\t\t\t\t<\/div>\n\t\t\t\t<\/div>\n\t\t\t\t<div class=\"elementor-element elementor-element-ad0c2b2 elementor-widget-divider--view-line elementor-widget elementor-widget-divider\" data-id=\"ad0c2b2\" data-element_type=\"widget\" data-widget_type=\"divider.default\">\n\t\t\t\t<div class=\"elementor-widget-container\">\n\t\t\t\t\t\t\t<div class=\"elementor-divider\">\n\t\t\t<span class=\"elementor-divider-separator\">\n\t\t\t\t\t\t<\/span>\n\t\t<\/div>\n\t\t\t\t\t\t<\/div>\n\t\t\t\t<\/div>\n\t\t<div class=\"elementor-element elementor-element-60d7f6e e-con-full e-flex e-con e-child\" data-id=\"60d7f6e\" data-element_type=\"container\">\n\t\t\t\t<div class=\"elementor-element elementor-element-f3e9c4f elementor-widget__width-initial elementor-widget-mobile__width-inherit elementor-widget elementor-widget-image\" data-id=\"f3e9c4f\" data-element_type=\"widget\" data-widget_type=\"image.default\">\n\t\t\t\t<div class=\"elementor-widget-container\">\n\t\t\t\t\t\t\t\t\t\t\t\t\t\t\t<img loading=\"lazy\" decoding=\"async\" width=\"640\" height=\"488\" src=\"https:\/\/dev2.alghost.com\/SmartTechSolution\/wp-content\/uploads\/2025\/02\/NEX-DE-SERIES.png\" class=\"attachment-large size-large wp-image-106\" alt=\"\" srcset=\"https:\/\/dev2.alghost.com\/SmartTechSolution\/wp-content\/uploads\/2025\/02\/NEX-DE-SERIES.png 800w, https:\/\/dev2.alghost.com\/SmartTechSolution\/wp-content\/uploads\/2025\/02\/NEX-DE-SERIES-300x229.png 300w, https:\/\/dev2.alghost.com\/SmartTechSolution\/wp-content\/uploads\/2025\/02\/NEX-DE-SERIES-768x586.png 768w\" sizes=\"(max-width: 640px) 100vw, 640px\" \/>\t\t\t\t\t\t\t\t\t\t\t\t\t\t\t<\/div>\n\t\t\t\t<\/div>\n\t\t<div class=\"elementor-element elementor-element-be1b2fb e-con-full e-flex e-con e-child\" data-id=\"be1b2fb\" data-element_type=\"container\">\n\t\t\t\t<div class=\"elementor-element elementor-element-042a29b elementor-widget elementor-widget-heading\" data-id=\"042a29b\" data-element_type=\"widget\" data-widget_type=\"heading.default\">\n\t\t\t\t<div class=\"elementor-widget-container\">\n\t\t\t\t\t<h3 class=\"elementor-heading-title elementor-size-default\">NEX DE SERIES\n<\/h3>\t\t\t\t<\/div>\n\t\t\t\t<\/div>\n\t\t\t\t<div class=\"elementor-element elementor-element-42736bf elementor-widget elementor-widget-text-editor\" data-id=\"42736bf\" data-element_type=\"widget\" data-widget_type=\"text-editor.default\">\n\t\t\t\t<div class=\"elementor-widget-container\">\n\t\t\t\t\t\t\t\t\t<p>Spectrom\u00e8tre EDXRF de nouvelle g\u00e9n\u00e9ration avec g\u00e9om\u00e9trie cart\u00e9sienne avanc\u00e9e, permettant une analyse \u00e9l\u00e9mentaire pr\u00e9cise pour un large \u00e9ventail d\u2019\u00e9chantillons, du contr\u00f4le industriel \u00e0 la recherche avanc\u00e9e.<\/p>\t\t\t\t\t\t\t\t<\/div>\n\t\t\t\t<\/div>\n\t\t\t\t<div class=\"elementor-element elementor-element-ccacbd1 elementor-align-right elementor-widget elementor-widget-button\" data-id=\"ccacbd1\" data-element_type=\"widget\" data-widget_type=\"button.default\">\n\t\t\t\t<div class=\"elementor-widget-container\">\n\t\t\t\t\t\t\t\t\t<div class=\"elementor-button-wrapper\">\n\t\t\t\t\t<a class=\"elementor-button elementor-button-link elementor-size-sm\" href=\"#\">\n\t\t\t\t\t\t<span class=\"elementor-button-content-wrapper\">\n\t\t\t\t\t\t\t\t\t<span class=\"elementor-button-text\">En savoir plus<\/span>\n\t\t\t\t\t<\/span>\n\t\t\t\t\t<\/a>\n\t\t\t\t<\/div>\n\t\t\t\t\t\t\t\t<\/div>\n\t\t\t\t<\/div>\n\t\t\t\t<\/div>\n\t\t\t\t<\/div>\n\t\t\t\t\t<\/div>\n\t\t\t\t<\/div>\n\t\t<div class=\"elementor-element elementor-element-b628a1e e-con-full e-flex e-con e-parent\" data-id=\"b628a1e\" data-element_type=\"container\">\n\t\t<div class=\"elementor-element elementor-element-2ab4e34 e-con-full e-flex e-con e-child\" data-id=\"2ab4e34\" data-element_type=\"container\" data-settings=\"{&quot;background_background&quot;:&quot;classic&quot;}\">\n\t\t\t\t<div class=\"elementor-element elementor-element-2e8097c elementor-widget elementor-widget-spacer\" data-id=\"2e8097c\" data-element_type=\"widget\" data-widget_type=\"spacer.default\">\n\t\t\t\t<div class=\"elementor-widget-container\">\n\t\t\t\t\t\t\t<div class=\"elementor-spacer\">\n\t\t\t<div class=\"elementor-spacer-inner\"><\/div>\n\t\t<\/div>\n\t\t\t\t\t\t<\/div>\n\t\t\t\t<\/div>\n\t\t\t\t<\/div>\n\t\t<div class=\"elementor-element elementor-element-77d40fd e-con-full e-flex e-con e-child\" data-id=\"77d40fd\" data-element_type=\"container\" data-settings=\"{&quot;background_background&quot;:&quot;classic&quot;}\">\n\t\t<div class=\"elementor-element elementor-element-035bbac e-con-full e-flex e-con e-child\" data-id=\"035bbac\" data-element_type=\"container\">\n\t\t\t\t<div class=\"elementor-element elementor-element-4e51cf5 elementor-widget__width-initial elementor-widget-tablet__width-initial elementor-widget-mobile__width-initial elementor-widget elementor-widget-image\" data-id=\"4e51cf5\" data-element_type=\"widget\" data-widget_type=\"image.default\">\n\t\t\t\t<div class=\"elementor-widget-container\">\n\t\t\t\t\t\t\t\t\t\t\t\t\t\t\t<img loading=\"lazy\" decoding=\"async\" width=\"100\" height=\"100\" src=\"https:\/\/dev2.alghost.com\/SmartTechSolution\/wp-content\/uploads\/2025\/02\/icon.png\" class=\"attachment-large size-large wp-image-115\" alt=\"\" \/>\t\t\t\t\t\t\t\t\t\t\t\t\t\t\t<\/div>\n\t\t\t\t<\/div>\n\t\t\t\t<div class=\"elementor-element elementor-element-b93fd30 elementor-widget elementor-widget-heading\" data-id=\"b93fd30\" data-element_type=\"widget\" data-widget_type=\"heading.default\">\n\t\t\t\t<div class=\"elementor-widget-container\">\n\t\t\t\t\t<h2 class=\"elementor-heading-title elementor-size-default\">\u00c0 PROPOS DE NOTRE PARTENAIRE<\/h2>\t\t\t\t<\/div>\n\t\t\t\t<\/div>\n\t\t\t\t<\/div>\n\t\t\t\t<div class=\"elementor-element elementor-element-e711b3f elementor-widget-mobile__width-inherit elementor-widget elementor-widget-text-editor\" data-id=\"e711b3f\" data-element_type=\"widget\" data-widget_type=\"text-editor.default\">\n\t\t\t\t<div class=\"elementor-widget-container\">\n\t\t\t\t\t\t\t\t\t<p>Rigaku Corporation est un leader mondial dans la conception et la fabrication d\u2019instruments scientifiques avanc\u00e9s destin\u00e9s \u00e0 l\u2019analyse des mat\u00e9riaux.\u00a0<\/p><p>Depuis sa cr\u00e9ation en 1951 au Japon, Rigaku s\u2019impose comme une r\u00e9f\u00e9rence en mati\u00e8re de technologies d\u2019analyse X (rayons X, diffraction et fluorescence) et d\u2019autres m\u00e9thodes analytiques innovantes<\/p>\t\t\t\t\t\t\t\t<\/div>\n\t\t\t\t<\/div>\n\t\t\t\t<div class=\"elementor-element elementor-element-9750328 elementor-align-left elementor-widget elementor-widget-button\" data-id=\"9750328\" data-element_type=\"widget\" data-widget_type=\"button.default\">\n\t\t\t\t<div class=\"elementor-widget-container\">\n\t\t\t\t\t\t\t\t\t<div class=\"elementor-button-wrapper\">\n\t\t\t\t\t<a class=\"elementor-button elementor-button-link elementor-size-sm\" href=\"#\">\n\t\t\t\t\t\t<span class=\"elementor-button-content-wrapper\">\n\t\t\t\t\t\t\t\t\t<span class=\"elementor-button-text\">En savoir plus<\/span>\n\t\t\t\t\t<\/span>\n\t\t\t\t\t<\/a>\n\t\t\t\t<\/div>\n\t\t\t\t\t\t\t\t<\/div>\n\t\t\t\t<\/div>\n\t\t\t\t<\/div>\n\t\t\t\t<\/div>\n\t\t\t\t<\/div>\n\t\t","protected":false},"excerpt":{"rendered":"<p>\u00c0 PROPOS DE NOUS Bas\u00e9e en Belgique, STS est sp\u00e9cialis\u00e9e dans la fourniture d\u2019\u00e9quipements scientifiques de pointe pour les laboratoires et les industries.\u00a0 Nous accompagnons nos clients avec des solutions adapt\u00e9es \u00e0 leurs besoins en analyse, recherche et contr\u00f4le qualit\u00e9. Nos Services STS vous propose des solutions compl\u00e8tes pour vos \u00e9quipements de laboratoire, de la [&hellip;]<\/p>\n","protected":false},"author":1,"featured_media":0,"parent":0,"menu_order":0,"comment_status":"closed","ping_status":"closed","template":"elementor_header_footer","meta":{"footnotes":""},"class_list":["post-9","page","type-page","status-publish","hentry"],"_links":{"self":[{"href":"https:\/\/dev2.alghost.com\/SmartTechSolution\/wp-json\/wp\/v2\/pages\/9","targetHints":{"allow":["GET"]}}],"collection":[{"href":"https:\/\/dev2.alghost.com\/SmartTechSolution\/wp-json\/wp\/v2\/pages"}],"about":[{"href":"https:\/\/dev2.alghost.com\/SmartTechSolution\/wp-json\/wp\/v2\/types\/page"}],"author":[{"embeddable":true,"href":"https:\/\/dev2.alghost.com\/SmartTechSolution\/wp-json\/wp\/v2\/users\/1"}],"replies":[{"embeddable":true,"href":"https:\/\/dev2.alghost.com\/SmartTechSolution\/wp-json\/wp\/v2\/comments?post=9"}],"version-history":[{"count":49,"href":"https:\/\/dev2.alghost.com\/SmartTechSolution\/wp-json\/wp\/v2\/pages\/9\/revisions"}],"predecessor-version":[{"id":217,"href":"https:\/\/dev2.alghost.com\/SmartTechSolution\/wp-json\/wp\/v2\/pages\/9\/revisions\/217"}],"wp:attachment":[{"href":"https:\/\/dev2.alghost.com\/SmartTechSolution\/wp-json\/wp\/v2\/media?parent=9"}],"curies":[{"name":"wp","href":"https:\/\/api.w.org\/{rel}","templated":true}]}}