{"id":1488,"date":"2025-12-09T15:21:01","date_gmt":"2025-12-09T14:21:01","guid":{"rendered":"https:\/\/dev2.alghost.com\/ensjsi\/?page_id=1488"},"modified":"2026-01-13T13:17:26","modified_gmt":"2026-01-13T12:17:26","slug":"recherche","status":"publish","type":"page","link":"https:\/\/dev2.alghost.com\/ensjsi-v2\/fr\/recherche\/","title":{"rendered":"Recherche"},"content":{"rendered":"\t\t<div data-elementor-type=\"wp-page\" data-elementor-id=\"1488\" class=\"elementor elementor-1488\">\n\t\t\t\t<div class=\"elementor-element elementor-element-1bf16756 e-flex e-con-boxed e-con e-parent\" data-id=\"1bf16756\" data-element_type=\"container\" data-e-type=\"container\" data-settings=\"{&quot;background_background&quot;:&quot;classic&quot;}\">\n\t\t\t\t\t<div class=\"e-con-inner\">\n\t\t<div class=\"elementor-element elementor-element-1386b7ea e-con-full background-filter e-flex e-con e-child\" data-id=\"1386b7ea\" data-element_type=\"container\" data-e-type=\"container\">\n\t\t\t\t<div class=\"elementor-element elementor-element-391b2bc3 elementor-widget__width-initial elementor-widget elementor-widget-page-title\" data-id=\"391b2bc3\" data-element_type=\"widget\" data-e-type=\"widget\" data-settings=\"{&quot;align&quot;:&quot;left&quot;,&quot;align_tablet&quot;:&quot;left&quot;}\" data-widget_type=\"page-title.default\">\n\t\t\t\t<div class=\"elementor-widget-container\">\n\t\t\t\t\t\t\t\n\t\t<div class=\"hfe-page-title hfe-page-title-wrapper elementor-widget-heading\">\n\n\t\t\t\t\t\t\t\t\t\t\t<a href=\"https:\/\/dev2.alghost.com\/ensjsi-v2\">\n\t\t\t\t\t\t<h1 class=\"elementor-heading-title elementor-size-default\">\n\t\t\t\t\t\t\t\t\n\t\t\t\tRecherche  \n\t\t\t<\/h1 > \n\t\t\t\t\t\t\t\t\t<\/a>\n\t\t\t\t\t<\/div>\n\t\t\t\t\t\t<\/div>\n\t\t\t\t<\/div>\n\t\t\t\t<\/div>\n\t\t\t\t\t<\/div>\n\t\t\t\t<\/div>\n\t\t<div class=\"elementor-element elementor-element-313e8cbd e-flex e-con-boxed e-con e-parent\" data-id=\"313e8cbd\" data-element_type=\"container\" data-e-type=\"container\" data-settings=\"{&quot;background_background&quot;:&quot;classic&quot;}\">\n\t\t\t\t\t<div class=\"e-con-inner\">\n\t\t\t\t<div class=\"elementor-element elementor-element-635ae4e6 elementor-widget elementor-widget-eael-breadcrumbs\" data-id=\"635ae4e6\" data-element_type=\"widget\" data-e-type=\"widget\" data-widget_type=\"eael-breadcrumbs.default\">\n\t\t\t\t<div class=\"elementor-widget-container\">\n\t\t\t\t\t\t\t<div class=\"eael-breadcrumbs\">\n\t\t\t<div class=\"eael-breadcrumbs__content\"><a href=\"https:\/\/dev2.alghost.com\/ensjsi-v2\">Accueil<\/a> <span class=\"eael-breadcrumb-separator\">-<\/span> <span class = \"eael-current\">Page<\/span><\/div>\t\t<\/div>\n\t\t\t\t\t\t<\/div>\n\t\t\t\t<\/div>\n\t\t\t\t\t<\/div>\n\t\t\t\t<\/div>\n\t\t<div class=\"elementor-element elementor-element-13ea16 e-flex e-con-boxed e-con e-parent\" data-id=\"13ea16\" data-element_type=\"container\" data-e-type=\"container\" data-settings=\"{&quot;background_background&quot;:&quot;classic&quot;}\">\n\t\t\t\t\t<div class=\"e-con-inner\">\n\t\t\t\t<div class=\"elementor-element elementor-element-1978aa65 elementor-widget__width-initial elementor-widget-mobile__width-initial elementor-invisible elementor-widget elementor-widget-heading\" data-id=\"1978aa65\" data-element_type=\"widget\" data-e-type=\"widget\" data-settings=\"{&quot;_animation&quot;:&quot;fadeInDown&quot;}\" data-widget_type=\"heading.default\">\n\t\t\t\t\t<h2 class=\"elementor-heading-title elementor-size-default\">Recherche<\/h2>\t\t\t\t<\/div>\n\t\t<div class=\"elementor-element elementor-element-7fc7f564 e-con-full e-flex e-con e-child\" data-id=\"7fc7f564\" data-element_type=\"container\" data-e-type=\"container\" data-settings=\"{&quot;background_background&quot;:&quot;gradient&quot;}\">\n\t\t\t\t<div class=\"elementor-element elementor-element-36c41414 elementor-widget elementor-widget-spacer\" data-id=\"36c41414\" data-element_type=\"widget\" data-e-type=\"widget\" data-widget_type=\"spacer.default\">\n\t\t\t\t\t\t\t<div class=\"elementor-spacer\">\n\t\t\t<div class=\"elementor-spacer-inner\"><\/div>\n\t\t<\/div>\n\t\t\t\t\t\t<\/div>\n\t\t\t\t<\/div>\n\t\t\t\t<div class=\"elementor-element elementor-element-4797f180 elementor-widget__width-initial elementor-widget-mobile__width-initial elementor-widget elementor-widget-text-editor\" data-id=\"4797f180\" data-element_type=\"widget\" data-e-type=\"widget\" data-widget_type=\"text-editor.default\">\n\t\t\t\t\t\t\t\t\t<p>Cette page vous guide dans votre candidature \u00e0 l\u2019ENSJSI. Que vous soyez \u00e9tudiant \u00e9tranger ou \u00e9tudiant local, suivez les \u00e9tapes indiqu\u00e9es pour choisir votre formation et d\u00e9poser votre dossier.<\/p>\t\t\t\t\t\t\t\t<\/div>\n\t\t\t\t\t<\/div>\n\t\t\t\t<\/div>\n\t\t<div class=\"elementor-element elementor-element-5f2ea3f9 e-flex e-con-boxed e-con e-parent\" data-id=\"5f2ea3f9\" data-element_type=\"container\" data-e-type=\"container\" data-settings=\"{&quot;background_background&quot;:&quot;classic&quot;}\">\n\t\t\t\t\t<div class=\"e-con-inner\">\n\t\t<div class=\"elementor-element elementor-element-8c1e892 e-con-full e-flex e-con e-child\" data-id=\"8c1e892\" data-element_type=\"container\" data-e-type=\"container\">\n\t\t\t\t<div class=\"elementor-element elementor-element-72e6cd5e elementor-widget elementor-widget-image\" data-id=\"72e6cd5e\" data-element_type=\"widget\" data-e-type=\"widget\" data-widget_type=\"image.default\">\n\t\t\t\t\t\t\t\t\t\t\t\t\t\t\t<img fetchpriority=\"high\" decoding=\"async\" width=\"459\" height=\"656\" src=\"https:\/\/dev2.alghost.com\/ensjsi-v2\/wp-content\/uploads\/2026\/01\/MUSC-LOGO_page-0001.jpg\" class=\"attachment-medium_large size-medium_large wp-image-3887\" alt=\"\" srcset=\"https:\/\/dev2.alghost.com\/ensjsi-v2\/wp-content\/uploads\/2026\/01\/MUSC-LOGO_page-0001.jpg 459w, https:\/\/dev2.alghost.com\/ensjsi-v2\/wp-content\/uploads\/2026\/01\/MUSC-LOGO_page-0001-210x300.jpg 210w\" sizes=\"(max-width: 459px) 100vw, 459px\" \/>\t\t\t\t\t\t\t\t\t\t\t\t\t\t\t<\/div>\n\t\t\t\t<\/div>\n\t\t<div class=\"elementor-element elementor-element-585b53d3 e-con-full e-flex e-con e-child\" data-id=\"585b53d3\" data-element_type=\"container\" data-e-type=\"container\" data-settings=\"{&quot;background_background&quot;:&quot;classic&quot;}\">\n\t\t<div class=\"elementor-element elementor-element-6a1aaf84 e-con-full e-flex e-con e-child\" data-id=\"6a1aaf84\" data-element_type=\"container\" data-e-type=\"container\" data-settings=\"{&quot;background_background&quot;:&quot;classic&quot;}\">\n\t\t\t\t<div class=\"elementor-element elementor-element-1c3c1681 elementor-widget__width-inherit elementor-widget-mobile__width-inherit elementor-invisible elementor-widget elementor-widget-heading\" data-id=\"1c3c1681\" data-element_type=\"widget\" data-e-type=\"widget\" data-settings=\"{&quot;_animation&quot;:&quot;fadeInDown&quot;}\" data-widget_type=\"heading.default\">\n\t\t\t\t\t<h2 class=\"elementor-heading-title elementor-size-default\">Laboratoire MUSC<\/h2>\t\t\t\t<\/div>\n\t\t<div class=\"elementor-element elementor-element-1a85c94c e-con-full e-flex e-con e-child\" data-id=\"1a85c94c\" data-element_type=\"container\" data-e-type=\"container\" data-settings=\"{&quot;background_background&quot;:&quot;gradient&quot;}\">\n\t\t\t\t<div class=\"elementor-element elementor-element-52413366 elementor-widget elementor-widget-spacer\" data-id=\"52413366\" data-element_type=\"widget\" data-e-type=\"widget\" data-widget_type=\"spacer.default\">\n\t\t\t\t\t\t\t<div class=\"elementor-spacer\">\n\t\t\t<div class=\"elementor-spacer-inner\"><\/div>\n\t\t<\/div>\n\t\t\t\t\t\t<\/div>\n\t\t\t\t<\/div>\n\t\t\t\t<div class=\"elementor-element elementor-element-7ed4a1dd elementor-widget__width-inherit elementor-widget elementor-widget-text-editor\" data-id=\"7ed4a1dd\" data-element_type=\"widget\" data-e-type=\"widget\" data-widget_type=\"text-editor.default\">\n\t\t\t\t\t\t\t\t\t<p>Cr\u00e9e par arr\u00eat\u00e9 minist\u00e9riel le 2 d\u00e9cembre 2015, Le LABORATOIRE MUSC\u00a0(M\u00e9dias, Usages Sociaux et Communication) est un laboratoire de recherche rattach\u00e9 \u00e0 l&rsquo;ENSJSI\u00a0(\u00c9cole Nationale Sup\u00e9rieure de Journalisme et des Sciences de l&rsquo;Information)\u00a0en Alg\u00e9rie, cr\u00e9\u00e9 en 2015, qui se concentre sur les usages m\u00e9diatiques, les changements soci\u00e9taux et les pratiques de communication, soutenant la recherche des \u00e9tudiants de l&rsquo;\u00e9cole.<\/p><p>Il vise \u00e0 produire de nouvelles connaissances sur les m\u00e9dias alg\u00e9riens et les dynamiques de communication, avec des axes de recherche touchant la sociologie, la technologie et les politiques publiques.<\/p>\t\t\t\t\t\t\t\t<\/div>\n\t\t\t\t<div class=\"elementor-element elementor-element-7d31d03f elementor-widget elementor-widget-eael-creative-button\" data-id=\"7d31d03f\" data-element_type=\"widget\" data-e-type=\"widget\" data-widget_type=\"eael-creative-button.default\">\n\t\t\t\t\t        <div class=\"eael-creative-button-wrapper\">\n\n            <a class=\"eael-creative-button eael-creative-button--default eael-cb-icon-position-\" href=\"#\" data-text=\"\">\n            \t    \n                <div class=\"creative-button-inner\">\n\n                    \n                    <span class=\"cretive-button-text\">Consulter<\/span>\n\n                                    <\/div>\n\t                        <\/a>\n        <\/div>\n        \t\t\t\t<\/div>\n\t\t\t\t<\/div>\n\t\t\t\t<\/div>\n\t\t\t\t\t<\/div>\n\t\t\t\t<\/div>\n\t\t<div class=\"elementor-element elementor-element-1db06abf e-flex e-con-boxed e-con e-parent\" data-id=\"1db06abf\" data-element_type=\"container\" data-e-type=\"container\" data-settings=\"{&quot;background_background&quot;:&quot;classic&quot;}\">\n\t\t\t\t\t<div class=\"e-con-inner\">\n\t\t<div class=\"elementor-element elementor-element-29499d17 e-con-full e-flex e-con e-child\" data-id=\"29499d17\" data-element_type=\"container\" data-e-type=\"container\" data-settings=\"{&quot;background_background&quot;:&quot;classic&quot;}\">\n\t\t<div class=\"elementor-element elementor-element-491c084b e-con-full e-flex e-con e-child\" data-id=\"491c084b\" data-element_type=\"container\" data-e-type=\"container\" data-settings=\"{&quot;background_background&quot;:&quot;classic&quot;}\">\n\t\t\t\t<div class=\"elementor-element elementor-element-5dc43c18 elementor-widget__width-inherit elementor-widget-mobile__width-inherit elementor-invisible elementor-widget elementor-widget-heading\" data-id=\"5dc43c18\" data-element_type=\"widget\" data-e-type=\"widget\" data-settings=\"{&quot;_animation&quot;:&quot;fadeInDown&quot;}\" data-widget_type=\"heading.default\">\n\t\t\t\t\t<h2 class=\"elementor-heading-title elementor-size-default\">ASJP<\/h2>\t\t\t\t<\/div>\n\t\t<div class=\"elementor-element elementor-element-3f9f0fbd e-con-full e-flex e-con e-child\" data-id=\"3f9f0fbd\" data-element_type=\"container\" data-e-type=\"container\" data-settings=\"{&quot;background_background&quot;:&quot;gradient&quot;}\">\n\t\t\t\t<div class=\"elementor-element elementor-element-2d47af42 elementor-widget elementor-widget-spacer\" data-id=\"2d47af42\" data-element_type=\"widget\" data-e-type=\"widget\" data-widget_type=\"spacer.default\">\n\t\t\t\t\t\t\t<div class=\"elementor-spacer\">\n\t\t\t<div class=\"elementor-spacer-inner\"><\/div>\n\t\t<\/div>\n\t\t\t\t\t\t<\/div>\n\t\t\t\t<\/div>\n\t\t\t\t<div class=\"elementor-element elementor-element-c481668 elementor-widget__width-inherit elementor-widget elementor-widget-text-editor\" data-id=\"c481668\" data-element_type=\"widget\" data-e-type=\"widget\" data-widget_type=\"text-editor.default\">\n\t\t\t\t\t\t\t\t\t<p>ASJP\u00a0est une plateforme d&rsquo;\u00e9dition \u00e9lectronique des revues scientifiques Alg\u00e9riennes d\u00e9velopp\u00e9e et g\u00e9r\u00e9e par le CERIST.<\/p><p>Le CERIST n&rsquo;est pas responsable de la qualit\u00e9 des contenus mis en ligne sur ASJP. Pour tout probl\u00e8me d&rsquo;\u00e9thique, les auteurs doivent s&rsquo;adresser directement au responsable de la revue en question.<\/p>\t\t\t\t\t\t\t\t<\/div>\n\t\t\t\t<div class=\"elementor-element elementor-element-c282cb6 elementor-widget elementor-widget-eael-creative-button\" data-id=\"c282cb6\" data-element_type=\"widget\" data-e-type=\"widget\" data-widget_type=\"eael-creative-button.default\">\n\t\t\t\t\t        <div class=\"eael-creative-button-wrapper\">\n\n            <a class=\"eael-creative-button eael-creative-button--default eael-cb-icon-position-\" href=\"https:\/\/www.asjp.cerist.dz\/en\" data-text=\"\">\n            \t    \n                <div class=\"creative-button-inner\">\n\n                    \n                    <span class=\"cretive-button-text\">Consulter<\/span>\n\n                                    <\/div>\n\t                        <\/a>\n        <\/div>\n        \t\t\t\t<\/div>\n\t\t\t\t<\/div>\n\t\t\t\t<\/div>\n\t\t<div class=\"elementor-element elementor-element-18b3b552 e-con-full e-flex e-con e-child\" data-id=\"18b3b552\" data-element_type=\"container\" data-e-type=\"container\">\n\t\t\t\t<div class=\"elementor-element elementor-element-11a5b3a0 elementor-widget elementor-widget-image\" data-id=\"11a5b3a0\" data-element_type=\"widget\" data-e-type=\"widget\" data-widget_type=\"image.default\">\n\t\t\t\t\t\t\t\t\t\t\t\t\t\t\t<img decoding=\"async\" width=\"631\" height=\"314\" src=\"https:\/\/dev2.alghost.com\/ensjsi-v2\/wp-content\/uploads\/2026\/01\/Asjp.png\" class=\"attachment-large size-large wp-image-3867\" alt=\"\" srcset=\"https:\/\/dev2.alghost.com\/ensjsi-v2\/wp-content\/uploads\/2026\/01\/Asjp.png 631w, https:\/\/dev2.alghost.com\/ensjsi-v2\/wp-content\/uploads\/2026\/01\/Asjp-300x149.png 300w\" sizes=\"(max-width: 631px) 100vw, 631px\" \/>\t\t\t\t\t\t\t\t\t\t\t\t\t\t\t<\/div>\n\t\t\t\t<\/div>\n\t\t\t\t\t<\/div>\n\t\t\t\t<\/div>\n\t\t<div class=\"elementor-element elementor-element-e9bb388 e-flex e-con-boxed e-con e-parent\" data-id=\"e9bb388\" data-element_type=\"container\" data-e-type=\"container\" data-settings=\"{&quot;background_background&quot;:&quot;classic&quot;}\">\n\t\t\t\t\t<div class=\"e-con-inner\">\n\t\t<div class=\"elementor-element elementor-element-7c94204 e-con-full e-flex e-con e-child\" data-id=\"7c94204\" data-element_type=\"container\" data-e-type=\"container\">\n\t\t\t\t<div class=\"elementor-element elementor-element-98ceae1 elementor-widget elementor-widget-image\" data-id=\"98ceae1\" data-element_type=\"widget\" data-e-type=\"widget\" data-widget_type=\"image.default\">\n\t\t\t\t\t\t\t\t\t\t\t\t\t\t\t<img decoding=\"async\" width=\"309\" height=\"464\" src=\"https:\/\/dev2.alghost.com\/ensjsi-v2\/wp-content\/uploads\/2025\/12\/img-ens-06.png\" class=\"attachment-large size-large wp-image-723\" alt=\"\" srcset=\"https:\/\/dev2.alghost.com\/ensjsi-v2\/wp-content\/uploads\/2025\/12\/img-ens-06.png 309w, https:\/\/dev2.alghost.com\/ensjsi-v2\/wp-content\/uploads\/2025\/12\/img-ens-06-200x300.png 200w\" sizes=\"(max-width: 309px) 100vw, 309px\" \/>\t\t\t\t\t\t\t\t\t\t\t\t\t\t\t<\/div>\n\t\t\t\t<\/div>\n\t\t<div class=\"elementor-element elementor-element-0c3315d e-con-full e-flex e-con e-child\" data-id=\"0c3315d\" data-element_type=\"container\" data-e-type=\"container\" data-settings=\"{&quot;background_background&quot;:&quot;classic&quot;}\">\n\t\t<div class=\"elementor-element elementor-element-26bfab6 e-con-full e-flex e-con e-child\" data-id=\"26bfab6\" data-element_type=\"container\" data-e-type=\"container\" data-settings=\"{&quot;background_background&quot;:&quot;classic&quot;}\">\n\t\t\t\t<div class=\"elementor-element elementor-element-bcdc132 elementor-widget__width-inherit elementor-widget-mobile__width-inherit elementor-invisible elementor-widget elementor-widget-heading\" data-id=\"bcdc132\" data-element_type=\"widget\" data-e-type=\"widget\" data-settings=\"{&quot;_animation&quot;:&quot;fadeInDown&quot;}\" data-widget_type=\"heading.default\">\n\t\t\t\t\t<h2 class=\"elementor-heading-title elementor-size-default\">Revu<\/h2>\t\t\t\t<\/div>\n\t\t<div class=\"elementor-element elementor-element-dc66c08 e-con-full e-flex e-con e-child\" data-id=\"dc66c08\" data-element_type=\"container\" data-e-type=\"container\" data-settings=\"{&quot;background_background&quot;:&quot;gradient&quot;}\">\n\t\t\t\t<div class=\"elementor-element elementor-element-5385046 elementor-widget elementor-widget-spacer\" data-id=\"5385046\" data-element_type=\"widget\" data-e-type=\"widget\" data-widget_type=\"spacer.default\">\n\t\t\t\t\t\t\t<div class=\"elementor-spacer\">\n\t\t\t<div class=\"elementor-spacer-inner\"><\/div>\n\t\t<\/div>\n\t\t\t\t\t\t<\/div>\n\t\t\t\t<\/div>\n\t\t\t\t<div class=\"elementor-element elementor-element-9fadf22 elementor-widget__width-inherit elementor-widget elementor-widget-text-editor\" data-id=\"9fadf22\" data-element_type=\"widget\" data-e-type=\"widget\" data-widget_type=\"text-editor.default\">\n\t\t\t\t\t\t\t\t\t<p>\u202fLe Journal de la Communication et du Journalisme est une publication acad\u00e9mique semestrielle publi\u00e9e par l\u2019\u00c9cole Nationale Sup\u00e9rieure de Journalisme et des Sciences de l\u2019Information (Alger). Depuis son premier volume en 2014, la revue vise \u00e0 stimuler la recherche scientifique et \u00e0 faire progresser le savoir dans tous les domaines des \u00e9tudes sur les m\u00e9dias et la communication<\/p>\t\t\t\t\t\t\t\t<\/div>\n\t\t\t\t<div class=\"elementor-element elementor-element-3d36a5e elementor-widget elementor-widget-eael-creative-button\" data-id=\"3d36a5e\" data-element_type=\"widget\" data-e-type=\"widget\" data-widget_type=\"eael-creative-button.default\">\n\t\t\t\t\t        <div class=\"eael-creative-button-wrapper\">\n\n            <a class=\"eael-creative-button eael-creative-button--default eael-cb-icon-position-\" href=\"https:\/\/www.asjp.cerist.dz\/en\/PresentationRevue\/290\" data-text=\"\">\n            \t    \n                <div class=\"creative-button-inner\">\n\n                    \n                    <span class=\"cretive-button-text\">Consulter<\/span>\n\n                                    <\/div>\n\t                        <\/a>\n        <\/div>\n        \t\t\t\t<\/div>\n\t\t\t\t<\/div>\n\t\t\t\t<\/div>\n\t\t\t\t\t<\/div>\n\t\t\t\t<\/div>\n\t\t<div class=\"elementor-element elementor-element-0b38088 e-flex e-con-boxed e-con e-parent\" data-id=\"0b38088\" data-element_type=\"container\" data-e-type=\"container\" id=\"formulaire-projet\">\n\t\t\t\t\t<div class=\"e-con-inner\">\n\t\t\t\t<div class=\"elementor-element elementor-element-f60124d elementor-widget__width-inherit elementor-widget-mobile__width-inherit elementor-invisible elementor-widget elementor-widget-heading\" data-id=\"f60124d\" data-element_type=\"widget\" data-e-type=\"widget\" data-settings=\"{&quot;_animation&quot;:&quot;fadeInDown&quot;}\" data-widget_type=\"heading.default\">\n\t\t\t\t\t<h2 class=\"elementor-heading-title elementor-size-default\">Avez-vous une id\u00e9e de projet\u00a0?<\/h2>\t\t\t\t<\/div>\n\t\t<div class=\"elementor-element elementor-element-3cafa2a e-con-full e-flex e-con e-child\" data-id=\"3cafa2a\" data-element_type=\"container\" data-e-type=\"container\" data-settings=\"{&quot;background_background&quot;:&quot;gradient&quot;}\">\n\t\t\t\t<div class=\"elementor-element elementor-element-599eaf3 elementor-widget elementor-widget-spacer\" data-id=\"599eaf3\" data-element_type=\"widget\" data-e-type=\"widget\" data-widget_type=\"spacer.default\">\n\t\t\t\t\t\t\t<div class=\"elementor-spacer\">\n\t\t\t<div class=\"elementor-spacer-inner\"><\/div>\n\t\t<\/div>\n\t\t\t\t\t\t<\/div>\n\t\t\t\t<\/div>\n\t\t\t\t<div class=\"elementor-element elementor-element-dcc1487 elementor-widget__width-inherit elementor-widget elementor-widget-text-editor\" data-id=\"dcc1487\" data-element_type=\"widget\" data-e-type=\"widget\" data-widget_type=\"text-editor.default\">\n\t\t\t\t\t\t\t\t\tProposez votre projet de recherche en remplissant ce formulaire\t\t\t\t\t\t\t\t<\/div>\n\t\t\t\t<div class=\"elementor-element elementor-element-3c50fba elementor-widget__width-initial eael-wpforms-labels-yes eael-wpforms-form-button-custom elementor-widget elementor-widget-eael-wpforms\" data-id=\"3c50fba\" data-element_type=\"widget\" data-e-type=\"widget\" data-widget_type=\"eael-wpforms.default\">\n\t\t\t\t\t            <div class=\"eael-contact-form eael-wpforms eael-wpforms-align-default\">\n                                <div class=\"wpforms-container wpforms-container-full wpforms-render-modern\" id=\"wpforms-2480\"><form id=\"wpforms-form-2480\" class=\"wpforms-validate wpforms-form wpforms-ajax-form\" data-formid=\"2480\" method=\"post\" enctype=\"multipart\/form-data\" action=\"\/ensjsi-v2\/wp-json\/wp\/v2\/pages\/1488\" data-token=\"2486cce94f358394aa7b2613179b6e15\" data-token-time=\"1778781088\"><noscript class=\"wpforms-error-noscript\">Veuillez activer JavaScript dans votre navigateur pour remplir ce formulaire.<\/noscript><div id=\"wpforms-error-noscript\" style=\"display: none;\">Veuillez activer JavaScript dans votre navigateur pour remplir ce formulaire.<\/div><div class=\"wpforms-field-container\">\t\t<div id=\"wpforms-2480-field_2-container\"\n\t\t\tclass=\"wpforms-field wpforms-field-text\"\n\t\t\tdata-field-type=\"text\"\n\t\t\tdata-field-id=\"2\"\n\t\t\t>\n\t\t\t<label class=\"wpforms-field-label\" for=\"wpforms-2480-field_2\" >recherche projet Titre<\/label>\n\t\t\t<input type=\"text\" id=\"wpforms-2480-field_2\" class=\"wpforms-field-medium\" name=\"wpforms[fields][2]\" >\n\t\t<\/div>\n\t\t<div id=\"wpforms-2480-field_1-container\" class=\"wpforms-field wpforms-field-name wpforms-one-half wpforms-first\" data-field-id=\"1\"><label class=\"wpforms-field-label\" for=\"wpforms-2480-field_1\">Name <span class=\"wpforms-required-label\" aria-hidden=\"true\">*<\/span><\/label><input type=\"text\" id=\"wpforms-2480-field_1\" class=\"wpforms-field-large wpforms-field-required\" name=\"wpforms[fields][1]\" aria-errormessage=\"wpforms-2480-field_1-error\" required><\/div><div id=\"wpforms-2480-field_8-container\" class=\"wpforms-field wpforms-field-email wpforms-one-half\" data-field-id=\"8\"><label class=\"wpforms-field-label\" for=\"wpforms-2480-field_8\">Email <span class=\"wpforms-required-label\" aria-hidden=\"true\">*<\/span><\/label><input type=\"email\" id=\"wpforms-2480-field_8\" class=\"wpforms-field-large wpforms-field-required\" name=\"wpforms[fields][8]\" spellcheck=\"false\" aria-errormessage=\"wpforms-2480-field_8-error\" required><\/div><div id=\"wpforms-2480-field_9-container\" class=\"wpforms-field wpforms-field-text\" data-field-id=\"9\"><label class=\"wpforms-field-label\" for=\"wpforms-2480-field_9\">Titre du projet<\/label><input type=\"text\" id=\"wpforms-2480-field_9\" class=\"wpforms-field-large\" name=\"wpforms[fields][9]\" aria-errormessage=\"wpforms-2480-field_9-error\" ><\/div><div id=\"wpforms-2480-field_7-container\" class=\"wpforms-field wpforms-field-textarea\" data-field-id=\"7\"><label class=\"wpforms-field-label\" for=\"wpforms-2480-field_7\">Description du projet<\/label><textarea id=\"wpforms-2480-field_7\" class=\"wpforms-field-medium\" name=\"wpforms[fields][7]\" aria-errormessage=\"wpforms-2480-field_7-error\" ><\/textarea><\/div><div id=\"wpforms-2480-field_6-container\" class=\"wpforms-field wpforms-field-select wpforms-field-select-style-classic\" data-field-id=\"6\"><label class=\"wpforms-field-label\" for=\"wpforms-2480-field_6\">Domaine de recherche<\/label><select id=\"wpforms-2480-field_6\" class=\"wpforms-field-large\" name=\"wpforms[fields][6]\"><option value=\"Journalisme d\u2019investigation\"  class=\"choice-4 depth-1\"  >Journalisme d\u2019investigation<\/option><option value=\"Journalisme num\u00e9rique\"  class=\"choice-1 depth-1\"  >Journalisme num\u00e9rique<\/option><option value=\"Journalisme audiovisuel\"  class=\"choice-2 depth-1\"  >Journalisme audiovisuel<\/option><option value=\"Journalisme de donn\u00e9es (data journalism)\"  class=\"choice-3 depth-1\"  >Journalisme de donn\u00e9es (data journalism)<\/option><option value=\"\u00c9thique et d\u00e9ontologie journalistique\"  class=\"choice-5 depth-1\"  >\u00c9thique et d\u00e9ontologie journalistique<\/option><option value=\"Libert\u00e9 de la presse et droit de l\u2019information\"  class=\"choice-6 depth-1\"  >Libert\u00e9 de la presse et droit de l\u2019information<\/option><\/select><\/div><script>\n\t\t\t\t( function() {\n\t\t\t\t\tconst style = document.createElement( 'style' );\n\t\t\t\t\tstyle.appendChild( document.createTextNode( '#wpforms-2480-field_2-container { position: absolute !important; overflow: hidden !important; display: inline !important; height: 1px !important; width: 1px !important; z-index: -1000 !important; padding: 0 !important; } #wpforms-2480-field_2-container input { visibility: hidden; } #wpforms-conversational-form-page #wpforms-2480-field_2-container label { counter-increment: none; }' ) );\n\t\t\t\t\tdocument.head.appendChild( style );\n\t\t\t\t\tdocument.currentScript?.remove();\n\t\t\t\t} )();\n\t\t\t<\/script><\/div><!-- .wpforms-field-container --><div class=\"wpforms-submit-container\" ><input type=\"hidden\" name=\"wpforms[id]\" value=\"2480\"><input type=\"hidden\" name=\"page_title\" value=\"\"><input type=\"hidden\" name=\"page_url\" value=\"https:\/\/dev2.alghost.com\/ensjsi-v2\/wp-json\/wp\/v2\/pages\/1488\"><input type=\"hidden\" name=\"url_referer\" value=\"\"><button type=\"submit\" name=\"wpforms[submit]\" id=\"wpforms-submit-2480\" class=\"wpforms-submit\" data-alt-text=\"Envoi...\" data-submit-text=\"Envoyer votre projet\" aria-live=\"assertive\" value=\"wpforms-submit\">Envoyer votre projet<\/button><img loading=\"lazy\" decoding=\"async\" src=\"https:\/\/dev2.alghost.com\/ensjsi-v2\/wp-content\/plugins\/wpforms-lite\/assets\/images\/submit-spin.svg\" class=\"wpforms-submit-spinner\" style=\"display: none;\" width=\"26\" height=\"26\" alt=\"Chargement en cours\"><\/div><\/form><\/div>  <!-- .wpforms-container -->            <\/div>\n\t\t\t\t<\/div>\n\t\t\t\t\t<\/div>\n\t\t\t\t<\/div>\n\t\t\t\t<\/div>\n\t\t","protected":false},"excerpt":{"rendered":"<p>Recherche Accueil &#8211; \u0635\u0641\u062d\u0629 Recherche Cette page vous guide dans votre candidature \u00e0 l\u2019ENSJSI. Que vous soyez \u00e9tudiant \u00e9tranger ou \u00e9tudiant local, suivez les \u00e9tapes indiqu\u00e9es pour choisir votre formation et d\u00e9poser votre dossier. Laboratoire MUSC Cr\u00e9e par arr\u00eat\u00e9 minist\u00e9riel le 2 d\u00e9cembre 2015, Le LABORATOIRE MUSC\u00a0(M\u00e9dias, Usages Sociaux et Communication) est un laboratoire de [&hellip;]<\/p>\n","protected":false},"author":1,"featured_media":0,"parent":0,"menu_order":0,"comment_status":"closed","ping_status":"closed","template":"elementor_header_footer","meta":{"_acf_changed":false,"footnotes":""},"class_list":["post-1488","page","type-page","status-publish","hentry"],"acf":[],"_links":{"self":[{"href":"https:\/\/dev2.alghost.com\/ensjsi-v2\/wp-json\/wp\/v2\/pages\/1488","targetHints":{"allow":["GET"]}}],"collection":[{"href":"https:\/\/dev2.alghost.com\/ensjsi-v2\/wp-json\/wp\/v2\/pages"}],"about":[{"href":"https:\/\/dev2.alghost.com\/ensjsi-v2\/wp-json\/wp\/v2\/types\/page"}],"author":[{"embeddable":true,"href":"https:\/\/dev2.alghost.com\/ensjsi-v2\/wp-json\/wp\/v2\/users\/1"}],"replies":[{"embeddable":true,"href":"https:\/\/dev2.alghost.com\/ensjsi-v2\/wp-json\/wp\/v2\/comments?post=1488"}],"version-history":[{"count":41,"href":"https:\/\/dev2.alghost.com\/ensjsi-v2\/wp-json\/wp\/v2\/pages\/1488\/revisions"}],"predecessor-version":[{"id":3913,"href":"https:\/\/dev2.alghost.com\/ensjsi-v2\/wp-json\/wp\/v2\/pages\/1488\/revisions\/3913"}],"wp:attachment":[{"href":"https:\/\/dev2.alghost.com\/ensjsi-v2\/wp-json\/wp\/v2\/media?parent=1488"}],"curies":[{"name":"wp","href":"https:\/\/api.w.org\/{rel}","templated":true}]}}