{"id":1490,"date":"2025-12-09T15:22:35","date_gmt":"2025-12-09T14:22:35","guid":{"rendered":"https:\/\/dev2.alghost.com\/ensjsi\/?page_id=1490"},"modified":"2026-01-15T13:35:57","modified_gmt":"2026-01-15T12:35:57","slug":"entrepreneuriat","status":"publish","type":"page","link":"https:\/\/dev2.alghost.com\/ensjsi-v2\/fr\/entrepreneuriat\/","title":{"rendered":"Entrepreneuriat"},"content":{"rendered":"\t\t<div data-elementor-type=\"wp-page\" data-elementor-id=\"1490\" class=\"elementor elementor-1490\">\n\t\t\t\t<div class=\"elementor-element elementor-element-1bf16756 e-flex e-con-boxed e-con e-parent\" data-id=\"1bf16756\" data-element_type=\"container\" data-e-type=\"container\" data-settings=\"{&quot;background_background&quot;:&quot;classic&quot;}\">\n\t\t\t\t\t<div class=\"e-con-inner\">\n\t\t<div class=\"elementor-element elementor-element-1386b7ea e-con-full background-filter e-flex e-con e-child\" data-id=\"1386b7ea\" data-element_type=\"container\" data-e-type=\"container\">\n\t\t\t\t<div class=\"elementor-element elementor-element-391b2bc3 elementor-widget__width-initial elementor-widget elementor-widget-page-title\" data-id=\"391b2bc3\" data-element_type=\"widget\" data-e-type=\"widget\" data-settings=\"{&quot;align&quot;:&quot;left&quot;,&quot;align_tablet&quot;:&quot;left&quot;}\" data-widget_type=\"page-title.default\">\n\t\t\t\t<div class=\"elementor-widget-container\">\n\t\t\t\t\t\t\t\n\t\t<div class=\"hfe-page-title hfe-page-title-wrapper elementor-widget-heading\">\n\n\t\t\t\t\t\t\t\t\t\t\t<a href=\"https:\/\/dev2.alghost.com\/ensjsi-v2\">\n\t\t\t\t\t\t<h1 class=\"elementor-heading-title elementor-size-default\">\n\t\t\t\t\t\t\t\t\n\t\t\t\tEntrepreneuriat  \n\t\t\t<\/h1 > \n\t\t\t\t\t\t\t\t\t<\/a>\n\t\t\t\t\t<\/div>\n\t\t\t\t\t\t<\/div>\n\t\t\t\t<\/div>\n\t\t\t\t<\/div>\n\t\t\t\t\t<\/div>\n\t\t\t\t<\/div>\n\t\t<div class=\"elementor-element elementor-element-313e8cbd e-flex e-con-boxed e-con e-parent\" data-id=\"313e8cbd\" data-element_type=\"container\" data-e-type=\"container\" data-settings=\"{&quot;background_background&quot;:&quot;classic&quot;}\">\n\t\t\t\t\t<div class=\"e-con-inner\">\n\t\t\t\t<div class=\"elementor-element elementor-element-635ae4e6 elementor-widget elementor-widget-eael-breadcrumbs\" data-id=\"635ae4e6\" data-element_type=\"widget\" data-e-type=\"widget\" data-widget_type=\"eael-breadcrumbs.default\">\n\t\t\t\t<div class=\"elementor-widget-container\">\n\t\t\t\t\t\t\t<div class=\"eael-breadcrumbs\">\n\t\t\t<div class=\"eael-breadcrumbs__content\"><a href=\"https:\/\/dev2.alghost.com\/ensjsi-v2\">Accueil<\/a> <span class=\"eael-breadcrumb-separator\">-<\/span> <span class = \"eael-current\">Page<\/span><\/div>\t\t<\/div>\n\t\t\t\t\t\t<\/div>\n\t\t\t\t<\/div>\n\t\t\t\t\t<\/div>\n\t\t\t\t<\/div>\n\t\t<div class=\"elementor-element elementor-element-13ea16 e-flex e-con-boxed e-con e-parent\" data-id=\"13ea16\" data-element_type=\"container\" data-e-type=\"container\" data-settings=\"{&quot;background_background&quot;:&quot;classic&quot;}\">\n\t\t\t\t\t<div class=\"e-con-inner\">\n\t\t\t\t<div class=\"elementor-element elementor-element-1978aa65 elementor-widget__width-initial elementor-widget-mobile__width-initial elementor-invisible elementor-widget elementor-widget-heading\" data-id=\"1978aa65\" data-element_type=\"widget\" data-e-type=\"widget\" data-settings=\"{&quot;_animation&quot;:&quot;fadeInDown&quot;}\" data-widget_type=\"heading.default\">\n\t\t\t\t\t<h2 class=\"elementor-heading-title elementor-size-default\">Entrepreneuriat<\/h2>\t\t\t\t<\/div>\n\t\t<div class=\"elementor-element elementor-element-7fc7f564 e-con-full e-flex e-con e-child\" data-id=\"7fc7f564\" data-element_type=\"container\" data-e-type=\"container\" data-settings=\"{&quot;background_background&quot;:&quot;gradient&quot;}\">\n\t\t\t\t<div class=\"elementor-element elementor-element-79e7274 elementor-widget elementor-widget-spacer\" data-id=\"79e7274\" data-element_type=\"widget\" data-e-type=\"widget\" data-widget_type=\"spacer.default\">\n\t\t\t\t\t\t\t<div class=\"elementor-spacer\">\n\t\t\t<div class=\"elementor-spacer-inner\"><\/div>\n\t\t<\/div>\n\t\t\t\t\t\t<\/div>\n\t\t\t\t<\/div>\n\t\t\t\t<div class=\"elementor-element elementor-element-4797f180 elementor-widget__width-initial elementor-widget-mobile__width-inherit elementor-widget elementor-widget-text-editor\" data-id=\"4797f180\" data-element_type=\"widget\" data-e-type=\"widget\" data-widget_type=\"text-editor.default\">\n\t\t\t\t\t\t\t\t\t<p>L\u2019ENSJSI encourage l\u2019esprit entrepreneurial et l\u2019innovation \u00e0 travers des structures d\u00e9di\u00e9es \u00e0 l\u2019accompagnement des \u00e9tudiants et des enseignants. Ces espaces permettent de d\u00e9velopper une id\u00e9e, structurer un projet et b\u00e9n\u00e9ficier d\u2019un soutien dans les \u00e9tapes de cr\u00e9ation et de valorisation.<\/p>\t\t\t\t\t\t\t\t<\/div>\n\t\t\t\t<div class=\"elementor-element elementor-element-36c41414 elementor-absolute elementor-widget elementor-widget-spacer\" data-id=\"36c41414\" data-element_type=\"widget\" data-e-type=\"widget\" data-settings=\"{&quot;_position&quot;:&quot;absolute&quot;}\" data-widget_type=\"spacer.default\">\n\t\t\t\t\t\t\t<div class=\"elementor-spacer\">\n\t\t\t<div class=\"elementor-spacer-inner\"><\/div>\n\t\t<\/div>\n\t\t\t\t\t\t<\/div>\n\t\t\t\t\t<\/div>\n\t\t\t\t<\/div>\n\t\t<div class=\"elementor-element elementor-element-cb7f5f4 e-flex e-con-boxed e-con e-parent\" data-id=\"cb7f5f4\" data-element_type=\"container\" data-e-type=\"container\">\n\t\t\t\t\t<div class=\"e-con-inner\">\n\t\t<div class=\"elementor-element elementor-element-2e16404 e-con-full e-flex e-con e-child\" data-id=\"2e16404\" data-element_type=\"container\" data-e-type=\"container\">\n\t\t\t\t<div class=\"elementor-element elementor-element-0a6f07c elementor-widget__width-inherit elementor-widget-mobile__width-inherit elementor-invisible elementor-widget elementor-widget-heading\" data-id=\"0a6f07c\" data-element_type=\"widget\" data-e-type=\"widget\" data-settings=\"{&quot;_animation&quot;:&quot;fadeInDown&quot;}\" data-widget_type=\"heading.default\">\n\t\t\t\t\t<h2 class=\"elementor-heading-title elementor-size-default\">CDE : Centre de D\u00e9veloppement de l\u2019Entrepreneuriat<\/h2>\t\t\t\t<\/div>\n\t\t<div class=\"elementor-element elementor-element-8c06c8d e-con-full e-flex e-con e-child\" data-id=\"8c06c8d\" data-element_type=\"container\" data-e-type=\"container\" data-settings=\"{&quot;background_background&quot;:&quot;gradient&quot;}\">\n\t\t\t\t<div class=\"elementor-element elementor-element-a8de445 elementor-widget elementor-widget-spacer\" data-id=\"a8de445\" data-element_type=\"widget\" data-e-type=\"widget\" data-widget_type=\"spacer.default\">\n\t\t\t\t\t\t\t<div class=\"elementor-spacer\">\n\t\t\t<div class=\"elementor-spacer-inner\"><\/div>\n\t\t<\/div>\n\t\t\t\t\t\t<\/div>\n\t\t\t\t<\/div>\n\t\t\t\t<div class=\"elementor-element elementor-element-9d0f64c elementor-widget elementor-widget-text-editor\" data-id=\"9d0f64c\" data-element_type=\"widget\" data-e-type=\"widget\" data-widget_type=\"text-editor.default\">\n\t\t\t\t\t\t\t\t\t<p>Le <strong data-start=\"913\" data-end=\"920\">CDE<\/strong> est l\u2019espace d\u00e9di\u00e9 \u00e0 la promotion de la culture entrepreneuriale au sein de l\u2019\u00e9cole. Il accompagne les \u00e9tudiants dans la transformation d\u2019une id\u00e9e en projet structur\u00e9, en leur apportant des outils m\u00e9thodologiques, une orientation et des formations cibl\u00e9es.<br data-start=\"1177\" data-end=\"1180\" \/>Il constitue un point de d\u00e9part pour les \u00e9tudiants souhaitant cr\u00e9er une micro-entreprise, une startup ou porter un projet innovant li\u00e9 aux m\u00e9dias et \u00e0 la communication.<\/p><p>Le CDE propose une sensibilisation \u00e0 l\u2019entrepreneuriat et \u00e0 l\u2019innovation, ainsi qu\u2019un accompagnement progressif allant de l\u2019id\u00e9e au business model puis au plan d\u2019action. Il organise des ateliers pratiques d\u00e9di\u00e9s au pitch, \u00e0 l\u2019\u00e9tude de march\u00e9 et \u00e0 la gestion de projet, tout en orientant les porteurs d\u2019initiatives vers l\u2019incubateur. Il favorise \u00e9galement la mise en relation avec les acteurs de l\u2019\u00e9cosyst\u00e8me entrepreneurial.<\/p>\t\t\t\t\t\t\t\t<\/div>\n\t\t\t\t<\/div>\n\t\t<div class=\"elementor-element elementor-element-5d46eb9 e-con-full e-flex e-con e-child\" data-id=\"5d46eb9\" data-element_type=\"container\" data-e-type=\"container\">\n\t\t\t\t<div class=\"elementor-element elementor-element-6d438ce elementor-invisible elementor-widget elementor-widget-image\" data-id=\"6d438ce\" data-element_type=\"widget\" data-e-type=\"widget\" data-settings=\"{&quot;_animation&quot;:&quot;fadeInRight&quot;}\" data-widget_type=\"image.default\">\n\t\t\t\t\t\t\t\t\t\t\t\t\t\t\t<img fetchpriority=\"high\" decoding=\"async\" width=\"640\" height=\"433\" src=\"https:\/\/dev2.alghost.com\/ensjsi-v2\/wp-content\/uploads\/2025\/12\/225666.jpeg\" class=\"attachment-large size-large wp-image-2592\" alt=\"\" srcset=\"https:\/\/dev2.alghost.com\/ensjsi-v2\/wp-content\/uploads\/2025\/12\/225666.jpeg 680w, https:\/\/dev2.alghost.com\/ensjsi-v2\/wp-content\/uploads\/2025\/12\/225666-300x203.jpeg 300w\" sizes=\"(max-width: 640px) 100vw, 640px\" \/>\t\t\t\t\t\t\t\t\t\t\t\t\t\t\t<\/div>\n\t\t\t\t<\/div>\n\t\t\t\t\t<\/div>\n\t\t\t\t<\/div>\n\t\t<div class=\"elementor-element elementor-element-b28bd79 e-flex e-con-boxed e-con e-parent\" data-id=\"b28bd79\" data-element_type=\"container\" data-e-type=\"container\">\n\t\t\t\t\t<div class=\"e-con-inner\">\n\t\t<div class=\"elementor-element elementor-element-96c935b e-con-full e-flex e-con e-child\" data-id=\"96c935b\" data-element_type=\"container\" data-e-type=\"container\">\n\t\t\t\t<div class=\"elementor-element elementor-element-f3104db elementor-widget elementor-widget-image\" data-id=\"f3104db\" data-element_type=\"widget\" data-e-type=\"widget\" data-widget_type=\"image.default\">\n\t\t\t\t\t\t\t\t\t\t\t\t\t\t\t<img decoding=\"async\" width=\"640\" height=\"395\" src=\"https:\/\/dev2.alghost.com\/ensjsi-v2\/wp-content\/uploads\/2025\/12\/Je-suis-etudiant-05.png\" class=\"attachment-large size-large wp-image-1456\" alt=\"\" srcset=\"https:\/\/dev2.alghost.com\/ensjsi-v2\/wp-content\/uploads\/2025\/12\/Je-suis-etudiant-05.png 729w, https:\/\/dev2.alghost.com\/ensjsi-v2\/wp-content\/uploads\/2025\/12\/Je-suis-etudiant-05-300x185.png 300w\" sizes=\"(max-width: 640px) 100vw, 640px\" \/>\t\t\t\t\t\t\t\t\t\t\t\t\t\t\t<\/div>\n\t\t\t\t<\/div>\n\t\t<div class=\"elementor-element elementor-element-89d7495 e-con-full e-flex e-con e-child\" data-id=\"89d7495\" data-element_type=\"container\" data-e-type=\"container\">\n\t\t\t\t<div class=\"elementor-element elementor-element-5979d35 elementor-widget__width-inherit elementor-widget-mobile__width-inherit elementor-invisible elementor-widget elementor-widget-heading\" data-id=\"5979d35\" data-element_type=\"widget\" data-e-type=\"widget\" data-settings=\"{&quot;_animation&quot;:&quot;fadeInDown&quot;}\" data-widget_type=\"heading.default\">\n\t\t\t\t\t<h2 class=\"elementor-heading-title elementor-size-default\">INCUBATEUR <\/h2>\t\t\t\t<\/div>\n\t\t<div class=\"elementor-element elementor-element-4b1def4 e-con-full e-flex e-con e-child\" data-id=\"4b1def4\" data-element_type=\"container\" data-e-type=\"container\" data-settings=\"{&quot;background_background&quot;:&quot;gradient&quot;}\">\n\t\t\t\t<div class=\"elementor-element elementor-element-16b7d49 elementor-widget elementor-widget-spacer\" data-id=\"16b7d49\" data-element_type=\"widget\" data-e-type=\"widget\" data-widget_type=\"spacer.default\">\n\t\t\t\t\t\t\t<div class=\"elementor-spacer\">\n\t\t\t<div class=\"elementor-spacer-inner\"><\/div>\n\t\t<\/div>\n\t\t\t\t\t\t<\/div>\n\t\t\t\t<\/div>\n\t\t\t\t<div class=\"elementor-element elementor-element-e610b7f elementor-widget elementor-widget-text-editor\" data-id=\"e610b7f\" data-element_type=\"widget\" data-e-type=\"widget\" data-widget_type=\"text-editor.default\">\n\t\t\t\t\t\t\t\t\t<p>L\u2019<strong data-start=\"1853\" data-end=\"1867\">incubateur<\/strong> est une structure d\u2019accompagnement destin\u00e9e aux porteurs de projets \u00e0 potentiel innovant. Il aide les \u00e9tudiants et enseignants \u00e0 passer d\u2019un projet acad\u00e9mique \u00e0 un projet entrepreneurial viable.<br data-start=\"2062\" data-end=\"2065\" \/>L\u2019incubation comprend g\u00e9n\u00e9ralement un suivi personnalis\u00e9, du mentorat, un accompagnement sur le mod\u00e8le \u00e9conomique et un appui \u00e0 la structuration de l\u2019\u00e9quipe et du produit\/service<\/p>\t\t\t\t\t\t\t\t<\/div>\n\t\t\t\t<div class=\"elementor-element elementor-element-28844c3 elementor-invisible elementor-widget elementor-widget-heading\" data-id=\"28844c3\" data-element_type=\"widget\" data-e-type=\"widget\" data-settings=\"{&quot;_animation&quot;:&quot;fadeInDown&quot;}\" data-widget_type=\"heading.default\">\n\t\t\t\t\t<h2 class=\"elementor-heading-title elementor-size-default\">Ce que propose l\u2019incubateur<\/h2>\t\t\t\t<\/div>\n\t\t<div class=\"elementor-element elementor-element-7dbf1e5 e-con-full e-flex e-con e-child\" data-id=\"7dbf1e5\" data-element_type=\"container\" data-e-type=\"container\" data-settings=\"{&quot;background_background&quot;:&quot;gradient&quot;}\">\n\t\t\t\t<div class=\"elementor-element elementor-element-b55fc16 elementor-widget elementor-widget-spacer\" data-id=\"b55fc16\" data-element_type=\"widget\" data-e-type=\"widget\" data-widget_type=\"spacer.default\">\n\t\t\t\t\t\t\t<div class=\"elementor-spacer\">\n\t\t\t<div class=\"elementor-spacer-inner\"><\/div>\n\t\t<\/div>\n\t\t\t\t\t\t<\/div>\n\t\t\t\t<\/div>\n\t\t\t\t<div class=\"elementor-element elementor-element-d3ad02c elementor-widget elementor-widget-text-editor\" data-id=\"d3ad02c\" data-element_type=\"widget\" data-e-type=\"widget\" data-widget_type=\"text-editor.default\">\n\t\t\t\t\t\t\t\t\t<div class=\"flex flex-col text-sm pb-25\"><article class=\"text-token-text-primary w-full focus:outline-none [--shadow-height:45px] has-data-writing-block:pointer-events-none has-data-writing-block:-mt-(--shadow-height) has-data-writing-block:pt-(--shadow-height) [&amp;:has([data-writing-block])&gt;*]:pointer-events-auto scroll-mt-[calc(var(--header-height)+min(200px,max(70px,20svh)))]\" dir=\"auto\" tabindex=\"-1\" data-turn-id=\"4a928665-4271-49df-8756-90efd41b2056\" data-testid=\"conversation-turn-152\" data-scroll-anchor=\"true\" data-turn=\"assistant\"><div class=\"text-base my-auto mx-auto pb-10 [--thread-content-margin:--spacing(4)] @w-sm\/main:[--thread-content-margin:--spacing(6)] @w-lg\/main:[--thread-content-margin:--spacing(16)] px-(--thread-content-margin)\"><div class=\"[--thread-content-max-width:40rem] @w-lg\/main:[--thread-content-max-width:48rem] mx-auto max-w-(--thread-content-max-width) flex-1 group\/turn-messages focus-visible:outline-hidden relative flex w-full min-w-0 flex-col agent-turn\" tabindex=\"-1\"><div class=\"flex max-w-full flex-col grow\"><div class=\"min-h-8 text-message relative flex w-full flex-col items-end gap-2 text-start break-words whitespace-normal [.text-message+&amp;]:mt-1\" dir=\"auto\" data-message-author-role=\"assistant\" data-message-id=\"3a31b810-355a-4408-8038-633732b8a3bb\" data-message-model-slug=\"gpt-5-2\"><div class=\"flex w-full flex-col gap-1 empty:hidden first:pt-[1px]\"><div class=\"markdown prose dark:prose-invert w-full break-words dark markdown-new-styling\"><p data-start=\"0\" data-end=\"485\">L\u2019incubateur propose un mentorat et un accompagnement personnalis\u00e9 pour aider les porteurs de projets \u00e0 structurer et d\u00e9velopper leurs id\u00e9es. Il offre un coaching ax\u00e9 sur la strat\u00e9gie, l\u2019organisation et la communication du projet, tout en assurant une pr\u00e9paration au pitch et \u00e0 la pr\u00e9sentation devant des jurys. L\u2019incubateur facilite \u00e9galement la mise en r\u00e9seau avec des partenaires, experts et institutions, et assure un suivi r\u00e9gulier de l\u2019avancement du projet jusqu\u2019\u00e0 son lancement.<\/p><\/div><\/div><\/div><\/div><\/div><\/div><\/article><\/div>\t\t\t\t\t\t\t\t<\/div>\n\t\t\t\t<div class=\"elementor-element elementor-element-c282cb6 elementor-widget elementor-widget-eael-creative-button\" data-id=\"c282cb6\" data-element_type=\"widget\" data-e-type=\"widget\" data-widget_type=\"eael-creative-button.default\">\n\t\t\t\t\t        <div class=\"eael-creative-button-wrapper\">\n\n            <a class=\"eael-creative-button eael-creative-button--default eael-cb-icon-position-\" href=\"#\" data-text=\"\">\n            \t    \n                <div class=\"creative-button-inner\">\n\n                    \n                    <span class=\"cretive-button-text\">Acc\u00e9der \u00e0 l\u2019incubateur<\/span>\n\n                                    <\/div>\n\t                        <\/a>\n        <\/div>\n        \t\t\t\t<\/div>\n\t\t\t\t<\/div>\n\t\t\t\t\t<\/div>\n\t\t\t\t<\/div>\n\t\t<div class=\"elementor-element elementor-element-2aba75f e-flex e-con-boxed e-con e-parent\" data-id=\"2aba75f\" data-element_type=\"container\" data-e-type=\"container\">\n\t\t\t\t\t<div class=\"e-con-inner\">\n\t\t<div class=\"elementor-element elementor-element-baae045 e-con-full e-flex e-con e-child\" data-id=\"baae045\" data-element_type=\"container\" data-e-type=\"container\">\n\t\t\t\t<div class=\"elementor-element elementor-element-c1253e9 elementor-widget__width-inherit elementor-widget-mobile__width-inherit elementor-invisible elementor-widget elementor-widget-heading\" data-id=\"c1253e9\" data-element_type=\"widget\" data-e-type=\"widget\" data-settings=\"{&quot;_animation&quot;:&quot;fadeInDown&quot;}\" data-widget_type=\"heading.default\">\n\t\t\t\t\t<h2 class=\"elementor-heading-title elementor-size-default\">CATI : Centre d\u2019Appui \u00e0 la Technologie et \u00e0 l\u2019Innovation\n<\/h2>\t\t\t\t<\/div>\n\t\t<div class=\"elementor-element elementor-element-3ec078c e-con-full e-flex e-con e-child\" data-id=\"3ec078c\" data-element_type=\"container\" data-e-type=\"container\" data-settings=\"{&quot;background_background&quot;:&quot;gradient&quot;}\">\n\t\t\t\t<div class=\"elementor-element elementor-element-9430fcd elementor-widget elementor-widget-spacer\" data-id=\"9430fcd\" data-element_type=\"widget\" data-e-type=\"widget\" data-widget_type=\"spacer.default\">\n\t\t\t\t\t\t\t<div class=\"elementor-spacer\">\n\t\t\t<div class=\"elementor-spacer-inner\"><\/div>\n\t\t<\/div>\n\t\t\t\t\t\t<\/div>\n\t\t\t\t<\/div>\n\t\t\t\t<div class=\"elementor-element elementor-element-23617b1 elementor-widget__width-inherit no-check elementor-widget elementor-widget-text-editor\" data-id=\"23617b1\" data-element_type=\"widget\" data-e-type=\"widget\" data-widget_type=\"text-editor.default\">\n\t\t\t\t\t\t\t\t\t<p>Les candidats internationaux souhaitant int\u00e9grer l\u2019ENSJSI<br \/>doivent d\u00e9poser leur candidature via la plateforme nationale \u201cStudy in Algeria\u201d, d\u00e9di\u00e9e aux \u00e9tudiants \u00e9trangers. Cette plateforme centralise les informations sur les formations, les conditions d\u2019admission et la proc\u00e9dure d\u2019inscription.<\/p><p>Ce que propose le CATI :<\/p><ul><li>Acc\u00e8s \u00e0 des ressources et bases d\u2019informations technologiques<\/li><li>Orientation sur la propri\u00e9t\u00e9 intellectuelle (brevets, marques, droits)<\/li><li>Accompagnement \u00e0 la valorisation d\u2019un projet innovant<\/li><li>Appui \u00e0 la r\u00e9daction et au d\u00e9p\u00f4t de dossiers (selon dispositifs)<\/li><li>Conseil sur la strat\u00e9gie de protection et de diffusion<\/li><\/ul>\t\t\t\t\t\t\t\t<\/div>\n\t\t\t\t<div class=\"elementor-element elementor-element-7c3bf10 elementor-widget elementor-widget-eael-creative-button\" data-id=\"7c3bf10\" data-element_type=\"widget\" data-e-type=\"widget\" data-widget_type=\"eael-creative-button.default\">\n\t\t\t\t\t        <div class=\"eael-creative-button-wrapper\">\n\n            <a class=\"eael-creative-button eael-creative-button--default eael-cb-icon-position-\" href=\"#\" data-text=\"\">\n            \t    \n                <div class=\"creative-button-inner\">\n\n                    \n                    <span class=\"cretive-button-text\">D\u00e9couvrir le CATI<\/span>\n\n                                    <\/div>\n\t                        <\/a>\n        <\/div>\n        \t\t\t\t<\/div>\n\t\t\t\t<\/div>\n\t\t<div class=\"elementor-element elementor-element-f22be02 e-con-full e-flex e-con e-child\" data-id=\"f22be02\" data-element_type=\"container\" data-e-type=\"container\">\n\t\t\t\t<div class=\"elementor-element elementor-element-3f4bd51 elementor-widget elementor-widget-image\" data-id=\"3f4bd51\" data-element_type=\"widget\" data-e-type=\"widget\" data-widget_type=\"image.default\">\n\t\t\t\t\t\t\t\t\t\t\t\t\t\t\t<img decoding=\"async\" width=\"291\" height=\"418\" src=\"https:\/\/dev2.alghost.com\/ensjsi-v2\/wp-content\/uploads\/2025\/12\/CATI-LOGO-e1774245719406.png\" class=\"attachment-large size-large wp-image-2594\" alt=\"\" srcset=\"https:\/\/dev2.alghost.com\/ensjsi-v2\/wp-content\/uploads\/2025\/12\/CATI-LOGO-e1774245719406.png 291w, https:\/\/dev2.alghost.com\/ensjsi-v2\/wp-content\/uploads\/2025\/12\/CATI-LOGO-e1774245719406-209x300.png 209w\" sizes=\"(max-width: 291px) 100vw, 291px\" \/>\t\t\t\t\t\t\t\t\t\t\t\t\t\t\t<\/div>\n\t\t\t\t<\/div>\n\t\t\t\t\t<\/div>\n\t\t\t\t<\/div>\n\t\t<div class=\"elementor-element elementor-element-189927b e-flex e-con-boxed e-con e-parent\" data-id=\"189927b\" data-element_type=\"container\" data-e-type=\"container\">\n\t\t\t\t\t<div class=\"e-con-inner\">\n\t\t<div class=\"elementor-element elementor-element-b2a0f7d e-con-full e-flex e-con e-child\" data-id=\"b2a0f7d\" data-element_type=\"container\" data-e-type=\"container\">\n\t\t\t\t<div class=\"elementor-element elementor-element-4849383 elementor-widget__width-inherit elementor-widget-mobile__width-inherit elementor-invisible elementor-widget elementor-widget-heading\" data-id=\"4849383\" data-element_type=\"widget\" data-e-type=\"widget\" data-settings=\"{&quot;_animation&quot;:&quot;fadeInDown&quot;}\" data-widget_type=\"heading.default\">\n\t\t\t\t\t<h2 class=\"elementor-heading-title elementor-size-default\">Projet innovant (Label)<\/h2>\t\t\t\t<\/div>\n\t\t<div class=\"elementor-element elementor-element-4c273e4 e-con-full e-flex e-con e-child\" data-id=\"4c273e4\" data-element_type=\"container\" data-e-type=\"container\" data-settings=\"{&quot;background_background&quot;:&quot;gradient&quot;}\">\n\t\t\t\t<div class=\"elementor-element elementor-element-7a049af elementor-widget elementor-widget-spacer\" data-id=\"7a049af\" data-element_type=\"widget\" data-e-type=\"widget\" data-widget_type=\"spacer.default\">\n\t\t\t\t\t\t\t<div class=\"elementor-spacer\">\n\t\t\t<div class=\"elementor-spacer-inner\"><\/div>\n\t\t<\/div>\n\t\t\t\t\t\t<\/div>\n\t\t\t\t<\/div>\n\t\t\t\t<div class=\"elementor-element elementor-element-2e43455 elementor-invisible elementor-widget elementor-widget-text-editor\" data-id=\"2e43455\" data-element_type=\"widget\" data-e-type=\"widget\" data-settings=\"{&quot;_animation&quot;:&quot;fadeIn&quot;}\" data-widget_type=\"text-editor.default\">\n\t\t\t\t\t\t\t\t\t<p>Dans le cadre de la dynamique entrepreneuriale de l\u2019ENSJSI, nous mettons en avant le travail d\u2019un \u00e9tudiant ayant obtenu le Label \u201cProjet Innovant\u201d, d\u00e9livr\u00e9 par le National Startup Committee. Cette distinction valorise une d\u00e9marche de cr\u00e9ation et confirme le caract\u00e8re innovant du projet.<\/p>\t\t\t\t\t\t\t\t<\/div>\n\t\t\t\t<div class=\"elementor-element elementor-element-7380742 elementor-widget elementor-widget-eael-creative-button\" data-id=\"7380742\" data-element_type=\"widget\" data-e-type=\"widget\" data-widget_type=\"eael-creative-button.default\">\n\t\t\t\t\t        <div class=\"eael-creative-button-wrapper\">\n\n            <a class=\"eael-creative-button eael-creative-button--default eael-cb-icon-position-\" href=\"https:\/\/dev2.alghost.com\/ensjsi\/wp-content\/uploads\/2026\/01\/Startup-label.pdf\" data-text=\"\">\n            \t    \n                <div class=\"creative-button-inner\">\n\n                    \n                    <span class=\"cretive-button-text\">Voir le projet <\/span>\n\n                                    <\/div>\n\t                        <\/a>\n        <\/div>\n        \t\t\t\t<\/div>\n\t\t\t\t<\/div>\n\t\t<div class=\"elementor-element elementor-element-20967b1 e-con-full e-flex e-con e-child\" data-id=\"20967b1\" data-element_type=\"container\" data-e-type=\"container\">\n\t\t\t\t<div class=\"elementor-element elementor-element-d51d45b elementor-invisible elementor-widget elementor-widget-image\" data-id=\"d51d45b\" data-element_type=\"widget\" data-e-type=\"widget\" data-settings=\"{&quot;_animation&quot;:&quot;fadeInRight&quot;}\" data-widget_type=\"image.default\">\n\t\t\t\t\t\t\t\t\t\t\t\t\t\t\t<img loading=\"lazy\" decoding=\"async\" width=\"455\" height=\"639\" src=\"https:\/\/dev2.alghost.com\/ensjsi-v2\/wp-content\/uploads\/2025\/12\/LABEL-REGISTRe-s-02.png\" class=\"attachment-full size-full wp-image-2640\" alt=\"\" srcset=\"https:\/\/dev2.alghost.com\/ensjsi-v2\/wp-content\/uploads\/2025\/12\/LABEL-REGISTRe-s-02.png 455w, https:\/\/dev2.alghost.com\/ensjsi-v2\/wp-content\/uploads\/2025\/12\/LABEL-REGISTRe-s-02-214x300.png 214w\" sizes=\"(max-width: 455px) 100vw, 455px\" \/>\t\t\t\t\t\t\t\t\t\t\t\t\t\t\t<\/div>\n\t\t\t\t<\/div>\n\t\t\t\t\t<\/div>\n\t\t\t\t<\/div>\n\t\t\t\t<\/div>\n\t\t","protected":false},"excerpt":{"rendered":"<p>Entrepreneuriat Accueil &#8211; \u0635\u0641\u062d\u0629 Entrepreneuriat L\u2019ENSJSI encourage l\u2019esprit entrepreneurial et l\u2019innovation \u00e0 travers des structures d\u00e9di\u00e9es \u00e0 l\u2019accompagnement des \u00e9tudiants et des enseignants. Ces espaces permettent de d\u00e9velopper une id\u00e9e, structurer un projet et b\u00e9n\u00e9ficier d\u2019un soutien dans les \u00e9tapes de cr\u00e9ation et de valorisation. CDE : Centre de D\u00e9veloppement de l\u2019Entrepreneuriat Le CDE est [&hellip;]<\/p>\n","protected":false},"author":1,"featured_media":0,"parent":0,"menu_order":0,"comment_status":"closed","ping_status":"closed","template":"elementor_header_footer","meta":{"_acf_changed":false,"footnotes":""},"class_list":["post-1490","page","type-page","status-publish","hentry"],"acf":[],"_links":{"self":[{"href":"https:\/\/dev2.alghost.com\/ensjsi-v2\/wp-json\/wp\/v2\/pages\/1490","targetHints":{"allow":["GET"]}}],"collection":[{"href":"https:\/\/dev2.alghost.com\/ensjsi-v2\/wp-json\/wp\/v2\/pages"}],"about":[{"href":"https:\/\/dev2.alghost.com\/ensjsi-v2\/wp-json\/wp\/v2\/types\/page"}],"author":[{"embeddable":true,"href":"https:\/\/dev2.alghost.com\/ensjsi-v2\/wp-json\/wp\/v2\/users\/1"}],"replies":[{"embeddable":true,"href":"https:\/\/dev2.alghost.com\/ensjsi-v2\/wp-json\/wp\/v2\/comments?post=1490"}],"version-history":[{"count":58,"href":"https:\/\/dev2.alghost.com\/ensjsi-v2\/wp-json\/wp\/v2\/pages\/1490\/revisions"}],"predecessor-version":[{"id":4926,"href":"https:\/\/dev2.alghost.com\/ensjsi-v2\/wp-json\/wp\/v2\/pages\/1490\/revisions\/4926"}],"wp:attachment":[{"href":"https:\/\/dev2.alghost.com\/ensjsi-v2\/wp-json\/wp\/v2\/media?parent=1490"}],"curies":[{"name":"wp","href":"https:\/\/api.w.org\/{rel}","templated":true}]}}