{"id":1037,"date":"2026-01-19T11:59:21","date_gmt":"2026-01-19T10:59:21","guid":{"rendered":"https:\/\/dev2.alghost.com\/mybestcoaching\/?page_id=1037"},"modified":"2026-01-19T12:02:01","modified_gmt":"2026-01-19T11:02:01","slug":"mentions-legales","status":"publish","type":"page","link":"https:\/\/dev2.alghost.com\/mybestcoaching\/mentions-legales\/","title":{"rendered":"Mentions l\u00e9gales"},"content":{"rendered":"\t\t<div data-elementor-type=\"wp-page\" data-elementor-id=\"1037\" class=\"elementor elementor-1037\">\n\t\t\t\t<div class=\"elementor-element elementor-element-2d5556e e-flex e-con-boxed e-con e-parent\" data-id=\"2d5556e\" data-element_type=\"container\" data-settings=\"{&quot;background_background&quot;:&quot;classic&quot;}\">\n\t\t\t\t\t<div class=\"e-con-inner\">\n\t\t<div class=\"elementor-element elementor-element-46d3313 e-con-full e-flex e-con e-child\" data-id=\"46d3313\" data-element_type=\"container\">\n\t\t\t\t<div class=\"elementor-element elementor-element-24d95a8 elementor-widget elementor-widget-page-title\" data-id=\"24d95a8\" data-element_type=\"widget\" data-widget_type=\"page-title.default\">\n\t\t\t\t<div class=\"elementor-widget-container\">\n\t\t\t\t\t\t\t\n\t\t<div class=\"hfe-page-title hfe-page-title-wrapper elementor-widget-heading\">\n\n\t\t\t\t\t\t\t\t\t\t\t<a href=\"https:\/\/dev2.alghost.com\/mybestcoaching\">\n\t\t\t\t\t\t<h1 class=\"elementor-heading-title elementor-size-default\">\n\t\t\t\t\t\t\t\t\n\t\t\t\tMentions l\u00e9gales  \n\t\t\t<\/h1 > \n\t\t\t\t\t\t\t\t\t<\/a>\n\t\t\t\t\t<\/div>\n\t\t\t\t\t\t<\/div>\n\t\t\t\t<\/div>\n\t\t\t\t<\/div>\n\t\t<div class=\"elementor-element elementor-element-484c7a4 e-con-full e-flex e-con e-child\" data-id=\"484c7a4\" data-element_type=\"container\">\n\t\t\t\t<div class=\"elementor-element elementor-element-07ff301 elementor-widget elementor-widget-image\" data-id=\"07ff301\" data-element_type=\"widget\" data-widget_type=\"image.default\">\n\t\t\t\t\t\t\t\t\t\t\t\t\t\t\t<img fetchpriority=\"high\" decoding=\"async\" width=\"227\" height=\"300\" src=\"https:\/\/dev2.alghost.com\/mybestcoaching\/wp-content\/uploads\/2025\/12\/malek-belout-blog-02-227x300.png\" class=\"attachment-medium size-medium wp-image-532\" alt=\"\" srcset=\"https:\/\/dev2.alghost.com\/mybestcoaching\/wp-content\/uploads\/2025\/12\/malek-belout-blog-02-227x300.png 227w, https:\/\/dev2.alghost.com\/mybestcoaching\/wp-content\/uploads\/2025\/12\/malek-belout-blog-02.png 393w\" sizes=\"(max-width: 227px) 100vw, 227px\" \/>\t\t\t\t\t\t\t\t\t\t\t\t\t\t\t<\/div>\n\t\t\t\t<\/div>\n\t\t\t\t\t<\/div>\n\t\t\t\t<\/div>\n\t\t<div class=\"elementor-element elementor-element-1f0b708 e-flex e-con-boxed e-con e-parent\" data-id=\"1f0b708\" data-element_type=\"container\">\n\t\t\t\t\t<div class=\"e-con-inner\">\n\t\t\t\t<div class=\"elementor-element elementor-element-16f802f no-check elementor-widget elementor-widget-text-editor\" data-id=\"16f802f\" data-element_type=\"widget\" data-widget_type=\"text-editor.default\">\n\t\t\t\t\t\t\t\t\t<h3 id=\"editeur-du-site\"><strong><u>\u00c9diteur du site<\/u><\/strong><\/h3><p>L\u2019\u00e9dition et la direction du site web <strong>\u00ab My Best Coaching \u00bb<\/strong> sont assur\u00e9es par <strong>Madame Malak Bellout<\/strong>, coach certifi\u00e9e en PNL et en communication strat\u00e9gique et non violente, formatrice pour adultes et conf\u00e9renci\u00e8re, propri\u00e9taire du site.<\/p><p><strong>Email :<\/strong><\/p><p><strong>T\u00e9l\u00e9phone :<\/strong><\/p><p><strong>Adresse :<\/strong><\/p><h3 id=\"responsable-de-la-publication\"><strong><u>Responsable de la publication<\/u><\/strong><\/h3><p>Le responsable de la publication est <strong>Malak Bellout<\/strong>, en sa qualit\u00e9 de fondatrice et \u00e9ditrice du site <em>My Best Coaching<\/em>.<\/p><h3 id=\"hebergement-du-site\"><strong><u>H\u00e9bergement du site<\/u><\/strong><\/h3><p>Le site <strong>My Best Coaching<\/strong> a \u00e9t\u00e9 con\u00e7u, d\u00e9velopp\u00e9 et est h\u00e9berg\u00e9 par :<\/p><p><strong>KD Concept \u2013 Services web et digitaux<br \/><\/strong>Adresse : 33 rue Ahmed Chrifi, Kouba \u2013 Alger<br \/>Email : contact@kdconcept.net<br \/>T\u00e9l\u00e9phone : +213 20 14 90 13 \/ +213 23 89 45 12 \/ +213 661 58 97 47<br \/>Site web : <a href=\"http:\/\/www.kdconcept.dz\">www.kdconcept.dz<\/a><\/p><h3 id=\"propriete-intellectuelle\"><strong><u>Propri\u00e9t\u00e9 intellectuelle<\/u><\/strong><\/h3><p>L\u2019ensemble des contenus publi\u00e9s sur le site <strong>My Best Coaching<\/strong>, incluant notamment les textes, contenus \u00e9ditoriaux, supports de formation, visuels, logos, \u00e9l\u00e9ments graphiques et tout autre contenu, est prot\u00e9g\u00e9 par les lois en vigueur relatives \u00e0 la propri\u00e9t\u00e9 intellectuelle.<\/p><p>Toute reproduction, repr\u00e9sentation, diffusion ou exploitation, totale ou partielle, des contenus du site, sans autorisation \u00e9crite pr\u00e9alable de leur auteur ou du responsable de la publication, est strictement interdite.<\/p><h3 id=\"donnees-personnelles\"><strong>Donn\u00e9es personnelles<\/strong><\/h3><p>Le site <strong>My Best Coaching<\/strong> peut collecter des donn\u00e9es personnelles, notamment via les formulaires de contact, les demandes d\u2019accompagnement ou l\u2019inscription \u00e0 des communications informatives.<\/p><p>Ces donn\u00e9es sont trait\u00e9es conform\u00e9ment \u00e0 la <strong>Politique de confidentialit\u00e9 My Best Coaching<\/strong>.<\/p><p>Conform\u00e9ment \u00e0 la r\u00e9glementation applicable, les utilisateurs disposent d\u2019un droit d\u2019acc\u00e8s, de rectification et de suppression de leurs donn\u00e9es personnelles.<br \/>\u00a0Toute demande peut \u00eatre adress\u00e9e \u00e0 : <a href=\"mailto:contact@mybestcoaching.fr\">contact@mybestcoaching.fr<\/a><\/p><h3 id=\"droit-applicable\"><strong>Droit applicable<\/strong><\/h3><p>Les pr\u00e9sentes mentions l\u00e9gales sont soumises au <strong>droit alg\u00e9rien<\/strong>.<br \/>\u00a0En cas de litige, une solution amiable sera recherch\u00e9e en priorit\u00e9 avant toute action judiciaire.<\/p>\t\t\t\t\t\t\t\t<\/div>\n\t\t\t\t\t<\/div>\n\t\t\t\t<\/div>\n\t\t\t\t<\/div>\n\t\t","protected":false},"excerpt":{"rendered":"<p>Mentions l\u00e9gales \u00c9diteur du site L\u2019\u00e9dition et la direction du site web \u00ab My Best Coaching \u00bb sont assur\u00e9es par Madame Malak Bellout, coach certifi\u00e9e en PNL et en communication [&hellip;]<\/p>\n","protected":false},"author":1,"featured_media":0,"parent":0,"menu_order":0,"comment_status":"closed","ping_status":"closed","template":"elementor_header_footer","meta":{"_acf_changed":false,"footnotes":""},"class_list":["post-1037","page","type-page","status-publish","hentry"],"acf":[],"_links":{"self":[{"href":"https:\/\/dev2.alghost.com\/mybestcoaching\/wp-json\/wp\/v2\/pages\/1037","targetHints":{"allow":["GET"]}}],"collection":[{"href":"https:\/\/dev2.alghost.com\/mybestcoaching\/wp-json\/wp\/v2\/pages"}],"about":[{"href":"https:\/\/dev2.alghost.com\/mybestcoaching\/wp-json\/wp\/v2\/types\/page"}],"author":[{"embeddable":true,"href":"https:\/\/dev2.alghost.com\/mybestcoaching\/wp-json\/wp\/v2\/users\/1"}],"replies":[{"embeddable":true,"href":"https:\/\/dev2.alghost.com\/mybestcoaching\/wp-json\/wp\/v2\/comments?post=1037"}],"version-history":[{"count":4,"href":"https:\/\/dev2.alghost.com\/mybestcoaching\/wp-json\/wp\/v2\/pages\/1037\/revisions"}],"predecessor-version":[{"id":1047,"href":"https:\/\/dev2.alghost.com\/mybestcoaching\/wp-json\/wp\/v2\/pages\/1037\/revisions\/1047"}],"wp:attachment":[{"href":"https:\/\/dev2.alghost.com\/mybestcoaching\/wp-json\/wp\/v2\/media?parent=1037"}],"curies":[{"name":"wp","href":"https:\/\/api.w.org\/{rel}","templated":true}]}}