{"id":528,"date":"2025-12-07T11:02:48","date_gmt":"2025-12-07T10:02:48","guid":{"rendered":"https:\/\/dev2.alghost.com\/mybestcoaching\/?page_id=528"},"modified":"2025-12-25T17:51:09","modified_gmt":"2025-12-25T16:51:09","slug":"blog","status":"publish","type":"page","link":"https:\/\/dev2.alghost.com\/mybestcoaching\/blog\/","title":{"rendered":"Blog"},"content":{"rendered":"\t\t<div data-elementor-type=\"wp-page\" data-elementor-id=\"528\" class=\"elementor elementor-528\">\n\t\t\t\t<div class=\"elementor-element elementor-element-2d5556e e-flex e-con-boxed e-con e-parent\" data-id=\"2d5556e\" data-element_type=\"container\" data-settings=\"{&quot;background_background&quot;:&quot;classic&quot;}\">\n\t\t\t\t\t<div class=\"e-con-inner\">\n\t\t<div class=\"elementor-element elementor-element-46d3313 e-con-full e-flex e-con e-child\" data-id=\"46d3313\" data-element_type=\"container\">\n\t\t\t\t<div class=\"elementor-element elementor-element-24d95a8 elementor-widget elementor-widget-page-title\" data-id=\"24d95a8\" data-element_type=\"widget\" data-widget_type=\"page-title.default\">\n\t\t\t\t<div class=\"elementor-widget-container\">\n\t\t\t\t\t\t\t\n\t\t<div class=\"hfe-page-title hfe-page-title-wrapper elementor-widget-heading\">\n\n\t\t\t\t\t\t\t\t\t\t\t<a href=\"https:\/\/dev2.alghost.com\/mybestcoaching\">\n\t\t\t\t\t\t<h1 class=\"elementor-heading-title elementor-size-default\">\n\t\t\t\t\t\t\t\t\n\t\t\t\tBlog  \n\t\t\t<\/h1 > \n\t\t\t\t\t\t\t\t\t<\/a>\n\t\t\t\t\t<\/div>\n\t\t\t\t\t\t<\/div>\n\t\t\t\t<\/div>\n\t\t\t\t<div class=\"elementor-element elementor-element-b8b60ea trirong-police  elementor-widget elementor-widget-button\" data-id=\"b8b60ea\" data-element_type=\"widget\" data-widget_type=\"button.default\">\n\t\t\t\t\t\t\t\t\t\t<a class=\"elementor-button elementor-button-link elementor-size-sm\" href=\"https:\/\/dev2.alghost.com\/mybestcoaching\/contact\/\">\n\t\t\t\t\t\t<span class=\"elementor-button-content-wrapper\">\n\t\t\t\t\t\t\t\t\t<span class=\"elementor-button-text\">Prendre rendez-vous<\/span>\n\t\t\t\t\t<\/span>\n\t\t\t\t\t<\/a>\n\t\t\t\t\t\t\t\t<\/div>\n\t\t\t\t<\/div>\n\t\t<div class=\"elementor-element elementor-element-484c7a4 e-con-full e-flex e-con e-child\" data-id=\"484c7a4\" data-element_type=\"container\">\n\t\t\t\t<div class=\"elementor-element elementor-element-07ff301 elementor-widget elementor-widget-image\" data-id=\"07ff301\" data-element_type=\"widget\" data-widget_type=\"image.default\">\n\t\t\t\t\t\t\t\t\t\t\t\t\t\t\t<img fetchpriority=\"high\" decoding=\"async\" width=\"227\" height=\"300\" src=\"https:\/\/dev2.alghost.com\/mybestcoaching\/wp-content\/uploads\/2025\/12\/malek-belout-blog-02-227x300.png\" class=\"attachment-medium size-medium wp-image-532\" alt=\"\" srcset=\"https:\/\/dev2.alghost.com\/mybestcoaching\/wp-content\/uploads\/2025\/12\/malek-belout-blog-02-227x300.png 227w, https:\/\/dev2.alghost.com\/mybestcoaching\/wp-content\/uploads\/2025\/12\/malek-belout-blog-02.png 393w\" sizes=\"(max-width: 227px) 100vw, 227px\" \/>\t\t\t\t\t\t\t\t\t\t\t\t\t\t\t<\/div>\n\t\t\t\t<\/div>\n\t\t\t\t\t<\/div>\n\t\t\t\t<\/div>\n\t\t<div class=\"elementor-element elementor-element-1f0b708 e-flex e-con-boxed e-con e-parent\" data-id=\"1f0b708\" data-element_type=\"container\">\n\t\t\t\t\t<div class=\"e-con-inner\">\n\t\t\t\t<div class=\"elementor-element elementor-element-80fca91 elementor-widget elementor-widget-shortcode\" data-id=\"80fca91\" data-element_type=\"widget\" data-widget_type=\"shortcode.default\">\n\t\t\t\t\t\t\t<div class=\"elementor-shortcode\">    <div class=\"grid-posts-wrapper\">\n        <div class=\"grid-posts\">\n                                                <article class=\"grid-post-item\">\n                        \n                        <!-- Image -->\n                        <div class=\"grid-post-thumb\">\n                            <a href=\"https:\/\/dev2.alghost.com\/mybestcoaching\/leconomie-de-lattention-un-defi-andragogique-et-societal\/\">\n                                <img decoding=\"async\" width=\"640\" height=\"960\" src=\"https:\/\/dev2.alghost.com\/mybestcoaching\/wp-content\/uploads\/2026\/01\/Malak-bellout-2.jpeg\" class=\"attachment-medium_large size-medium_large wp-post-image\" alt=\"\" srcset=\"https:\/\/dev2.alghost.com\/mybestcoaching\/wp-content\/uploads\/2026\/01\/Malak-bellout-2.jpeg 696w, https:\/\/dev2.alghost.com\/mybestcoaching\/wp-content\/uploads\/2026\/01\/Malak-bellout-2-200x300.jpeg 200w, https:\/\/dev2.alghost.com\/mybestcoaching\/wp-content\/uploads\/2026\/01\/Malak-bellout-2-683x1024.jpeg 683w\" sizes=\"(max-width: 640px) 100vw, 640px\" \/>                            <\/a>\n                        <\/div>\n                        <div class=\"grid-post-info\">\n                        <!-- Meta -->\n                        <div class=\"grid-post-meta\">\n                            <span class=\"meta-user\">by mybestcoaching<\/span>\n                            <span class=\"meta-date\">\ud83d\udcc5 janvier 20, 2026<\/span>\n                        <\/div>\n\n                        <!-- Titre -->\n                        <h3 class=\"grid-post-title\">\n                            <a href=\"https:\/\/dev2.alghost.com\/mybestcoaching\/leconomie-de-lattention-un-defi-andragogique-et-societal\/\">L\u2019\u00e9conomie de l\u2019attention : un d\u00e9fi andragogique et soci\u00e9tal<\/a>\n                        <\/h3>\n\n                        <!-- Description -->\n                        <p class=\"grid-post-excerpt\">\n                            L\u2019\u00e9conomie de l\u2019attention : un d\u00e9fi andragogique et soci\u00e9tal Par Malak Bellout, formatrice de formateurs et experte en andragogie En...                        <\/p>\n\n                        <!-- Lire plus -->\n                        <a class=\"grid-post-readmore\" href=\"https:\/\/dev2.alghost.com\/mybestcoaching\/leconomie-de-lattention-un-defi-andragogique-et-societal\/\">\n                            Continue Reading ....\n                        <\/a>\n                        <\/div>\n                    <\/article>\n                                    <article class=\"grid-post-item\">\n                        \n                        <!-- Image -->\n                        <div class=\"grid-post-thumb\">\n                            <a href=\"https:\/\/dev2.alghost.com\/mybestcoaching\/ai-act-ou-quand-leurope-tente-de-reguler-le-pouvoir-algorithmique-pour-garder-la-main-sur-sa-souverainete-numerique\/\">\n                                <img decoding=\"async\" width=\"640\" height=\"960\" src=\"https:\/\/dev2.alghost.com\/mybestcoaching\/wp-content\/uploads\/2026\/01\/Malak-bellout-3.jpeg\" class=\"attachment-medium_large size-medium_large wp-post-image\" alt=\"\" srcset=\"https:\/\/dev2.alghost.com\/mybestcoaching\/wp-content\/uploads\/2026\/01\/Malak-bellout-3.jpeg 682w, https:\/\/dev2.alghost.com\/mybestcoaching\/wp-content\/uploads\/2026\/01\/Malak-bellout-3-200x300.jpeg 200w\" sizes=\"(max-width: 640px) 100vw, 640px\" \/>                            <\/a>\n                        <\/div>\n                        <div class=\"grid-post-info\">\n                        <!-- Meta -->\n                        <div class=\"grid-post-meta\">\n                            <span class=\"meta-user\">by mybestcoaching<\/span>\n                            <span class=\"meta-date\">\ud83d\udcc5 janvier 20, 2026<\/span>\n                        <\/div>\n\n                        <!-- Titre -->\n                        <h3 class=\"grid-post-title\">\n                            <a href=\"https:\/\/dev2.alghost.com\/mybestcoaching\/ai-act-ou-quand-leurope-tente-de-reguler-le-pouvoir-algorithmique-pour-garder-la-main-sur-sa-souverainete-numerique\/\">\u00ab\u00a0AI Act\u00a0\u00bb ou quand l\u2019Europe tente de r\u00e9guler le pouvoir algorithmique pour garder la main sur sa souverainet\u00e9 num\u00e9rique<\/a>\n                        <\/h3>\n\n                        <!-- Description -->\n                        <p class=\"grid-post-excerpt\">\n                            \u00ab\u00a0AI Act\u00a0\u00bb ou quand l\u2019Europe tente de r\u00e9guler le pouvoir algorithmique pour garder la main sur sa souverainet\u00e9 num\u00e9rique L\u2019adoption...                        <\/p>\n\n                        <!-- Lire plus -->\n                        <a class=\"grid-post-readmore\" href=\"https:\/\/dev2.alghost.com\/mybestcoaching\/ai-act-ou-quand-leurope-tente-de-reguler-le-pouvoir-algorithmique-pour-garder-la-main-sur-sa-souverainete-numerique\/\">\n                            Continue Reading ....\n                        <\/a>\n                        <\/div>\n                    <\/article>\n                                    <article class=\"grid-post-item\">\n                        \n                        <!-- Image -->\n                        <div class=\"grid-post-thumb\">\n                            <a href=\"https:\/\/dev2.alghost.com\/mybestcoaching\/lexpression-numerique-face-a-la-re-pression-algorithmique\/\">\n                                <img loading=\"lazy\" decoding=\"async\" width=\"640\" height=\"960\" src=\"https:\/\/dev2.alghost.com\/mybestcoaching\/wp-content\/uploads\/2026\/01\/Malak-bellout-10.jpeg\" class=\"attachment-medium_large size-medium_large wp-post-image\" alt=\"\" srcset=\"https:\/\/dev2.alghost.com\/mybestcoaching\/wp-content\/uploads\/2026\/01\/Malak-bellout-10.jpeg 664w, https:\/\/dev2.alghost.com\/mybestcoaching\/wp-content\/uploads\/2026\/01\/Malak-bellout-10-200x300.jpeg 200w\" sizes=\"(max-width: 640px) 100vw, 640px\" \/>                            <\/a>\n                        <\/div>\n                        <div class=\"grid-post-info\">\n                        <!-- Meta -->\n                        <div class=\"grid-post-meta\">\n                            <span class=\"meta-user\">by mybestcoaching<\/span>\n                            <span class=\"meta-date\">\ud83d\udcc5 janvier 20, 2026<\/span>\n                        <\/div>\n\n                        <!-- Titre -->\n                        <h3 class=\"grid-post-title\">\n                            <a href=\"https:\/\/dev2.alghost.com\/mybestcoaching\/lexpression-numerique-face-a-la-re-pression-algorithmique\/\">L&rsquo;expression num\u00e9rique face \u00e0 la (r\u00e9)-pression algorithmique<\/a>\n                        <\/h3>\n\n                        <!-- Description -->\n                        <p class=\"grid-post-excerpt\">\n                            L&rsquo;expression num\u00e9rique face \u00e0 la (r\u00e9)-pression algorithmique Freedom Of Speech # End of reach Lorsque les r\u00e9seaux sociaux ont fait...                        <\/p>\n\n                        <!-- Lire plus -->\n                        <a class=\"grid-post-readmore\" href=\"https:\/\/dev2.alghost.com\/mybestcoaching\/lexpression-numerique-face-a-la-re-pression-algorithmique\/\">\n                            Continue Reading ....\n                        <\/a>\n                        <\/div>\n                    <\/article>\n                                    <article class=\"grid-post-item\">\n                        \n                        <!-- Image -->\n                        <div class=\"grid-post-thumb\">\n                            <a href=\"https:\/\/dev2.alghost.com\/mybestcoaching\/jai-survecu-a-limpensable-tel-est-mon-bilan\/\">\n                                <img decoding=\"async\" width=\"640\" height=\"960\" src=\"https:\/\/dev2.alghost.com\/mybestcoaching\/wp-content\/uploads\/2026\/01\/Malak-bellout-2.jpeg\" class=\"attachment-medium_large size-medium_large wp-post-image\" alt=\"\" srcset=\"https:\/\/dev2.alghost.com\/mybestcoaching\/wp-content\/uploads\/2026\/01\/Malak-bellout-2.jpeg 696w, https:\/\/dev2.alghost.com\/mybestcoaching\/wp-content\/uploads\/2026\/01\/Malak-bellout-2-200x300.jpeg 200w, https:\/\/dev2.alghost.com\/mybestcoaching\/wp-content\/uploads\/2026\/01\/Malak-bellout-2-683x1024.jpeg 683w\" sizes=\"(max-width: 640px) 100vw, 640px\" \/>                            <\/a>\n                        <\/div>\n                        <div class=\"grid-post-info\">\n                        <!-- Meta -->\n                        <div class=\"grid-post-meta\">\n                            <span class=\"meta-user\">by mybestcoaching<\/span>\n                            <span class=\"meta-date\">\ud83d\udcc5 janvier 20, 2026<\/span>\n                        <\/div>\n\n                        <!-- Titre -->\n                        <h3 class=\"grid-post-title\">\n                            <a href=\"https:\/\/dev2.alghost.com\/mybestcoaching\/jai-survecu-a-limpensable-tel-est-mon-bilan\/\">J&rsquo;ai surv\u00e9cu \u00e0 l\u2019impensable , tel est mon bilan !<\/a>\n                        <\/h3>\n\n                        <!-- Description -->\n                        <p class=\"grid-post-excerpt\">\n                            J&rsquo;ai surv\u00e9cu \u00e0 l\u2019impensable , tel est mon bilan ! Nous avons connu le confinement , ce fut pour moi...                        <\/p>\n\n                        <!-- Lire plus -->\n                        <a class=\"grid-post-readmore\" href=\"https:\/\/dev2.alghost.com\/mybestcoaching\/jai-survecu-a-limpensable-tel-est-mon-bilan\/\">\n                            Continue Reading ....\n                        <\/a>\n                        <\/div>\n                    <\/article>\n                                    <article class=\"grid-post-item\">\n                        \n                        <!-- Image -->\n                        <div class=\"grid-post-thumb\">\n                            <a href=\"https:\/\/dev2.alghost.com\/mybestcoaching\/ohaguro-dents-noires-et-sourires-blancs-comment-distinguer-la-sincerite-de-lhypocrisie-dans-les-organisations\/\">\n                                <img loading=\"lazy\" decoding=\"async\" width=\"407\" height=\"610\" src=\"https:\/\/dev2.alghost.com\/mybestcoaching\/wp-content\/uploads\/2025\/12\/Ohaguro-dents-noires-et-sourires-blancs-comment-distinguer-la-sincerite-de-lhypocrisie-dans-les-organisations.jpg\" class=\"attachment-medium_large size-medium_large wp-post-image\" alt=\"\" srcset=\"https:\/\/dev2.alghost.com\/mybestcoaching\/wp-content\/uploads\/2025\/12\/Ohaguro-dents-noires-et-sourires-blancs-comment-distinguer-la-sincerite-de-lhypocrisie-dans-les-organisations.jpg 407w, https:\/\/dev2.alghost.com\/mybestcoaching\/wp-content\/uploads\/2025\/12\/Ohaguro-dents-noires-et-sourires-blancs-comment-distinguer-la-sincerite-de-lhypocrisie-dans-les-organisations-200x300.jpg 200w\" sizes=\"(max-width: 407px) 100vw, 407px\" \/>                            <\/a>\n                        <\/div>\n                        <div class=\"grid-post-info\">\n                        <!-- Meta -->\n                        <div class=\"grid-post-meta\">\n                            <span class=\"meta-user\">by mybestcoaching<\/span>\n                            <span class=\"meta-date\">\ud83d\udcc5 d\u00e9cembre 7, 2025<\/span>\n                        <\/div>\n\n                        <!-- Titre -->\n                        <h3 class=\"grid-post-title\">\n                            <a href=\"https:\/\/dev2.alghost.com\/mybestcoaching\/ohaguro-dents-noires-et-sourires-blancs-comment-distinguer-la-sincerite-de-lhypocrisie-dans-les-organisations\/\">Ohaguro, dents noires et sourires blancs : comment distinguer la sinc\u00e9rit\u00e9 de l\u2019hypocrisie dans les organisations<\/a>\n                        <\/h3>\n\n                        <!-- Description -->\n                        <p class=\"grid-post-excerpt\">\n                            Ohaguro, dents noires et sourires blancs : comment distinguer la sinc\u00e9rit\u00e9 de l\u2019hypocrisie dans les organisations Dans le Japon pr\u00e9-moderne,...                        <\/p>\n\n                        <!-- Lire plus -->\n                        <a class=\"grid-post-readmore\" href=\"https:\/\/dev2.alghost.com\/mybestcoaching\/ohaguro-dents-noires-et-sourires-blancs-comment-distinguer-la-sincerite-de-lhypocrisie-dans-les-organisations\/\">\n                            Continue Reading ....\n                        <\/a>\n                        <\/div>\n                    <\/article>\n                            \n                    <\/div>\n\n        <!-- Pagination -->\n        <div class=\"grid-posts-pagination\">\n                    <\/div>\n    <\/div>\n\n    <\/div>\n\t\t\t\t\t\t<\/div>\n\t\t\t\t\t<\/div>\n\t\t\t\t<\/div>\n\t\t\t\t<\/div>\n\t\t","protected":false},"excerpt":{"rendered":"<p>Blog Prendre rendez-vous<\/p>\n","protected":false},"author":1,"featured_media":0,"parent":0,"menu_order":0,"comment_status":"closed","ping_status":"closed","template":"elementor_header_footer","meta":{"_acf_changed":false,"footnotes":""},"class_list":["post-528","page","type-page","status-publish","hentry"],"acf":[],"_links":{"self":[{"href":"https:\/\/dev2.alghost.com\/mybestcoaching\/wp-json\/wp\/v2\/pages\/528","targetHints":{"allow":["GET"]}}],"collection":[{"href":"https:\/\/dev2.alghost.com\/mybestcoaching\/wp-json\/wp\/v2\/pages"}],"about":[{"href":"https:\/\/dev2.alghost.com\/mybestcoaching\/wp-json\/wp\/v2\/types\/page"}],"author":[{"embeddable":true,"href":"https:\/\/dev2.alghost.com\/mybestcoaching\/wp-json\/wp\/v2\/users\/1"}],"replies":[{"embeddable":true,"href":"https:\/\/dev2.alghost.com\/mybestcoaching\/wp-json\/wp\/v2\/comments?post=528"}],"version-history":[{"count":22,"href":"https:\/\/dev2.alghost.com\/mybestcoaching\/wp-json\/wp\/v2\/pages\/528\/revisions"}],"predecessor-version":[{"id":748,"href":"https:\/\/dev2.alghost.com\/mybestcoaching\/wp-json\/wp\/v2\/pages\/528\/revisions\/748"}],"wp:attachment":[{"href":"https:\/\/dev2.alghost.com\/mybestcoaching\/wp-json\/wp\/v2\/media?parent=528"}],"curies":[{"name":"wp","href":"https:\/\/api.w.org\/{rel}","templated":true}]}}